{"id":10,"date":"2018-10-08T12:00:00","date_gmt":"2018-10-08T10:00:00","guid":{"rendered":"https:\/\/www.rolloshop24.eu\/ratgeber\/?page_id=10"},"modified":"2018-10-12T09:12:48","modified_gmt":"2018-10-12T07:12:48","slug":"klemmmarkisen-info","status":"publish","type":"page","link":"https:\/\/www.rolloshop24.eu\/ratgeber\/klemmmarkisen-info\/","title":{"rendered":"Klemmmarkisen Info"},"content":{"rendered":"<h2>Klemmmarkisen als Sonnendach<\/h2>\n<p>Gibt es etwas Gem\u00fctlicheres, als bei sommerlichen Graden mit der Familie oder Freunden auf dem heimischen Balkon oder der Terrasse zu sitzen? Doch dieses Hochgef\u00fchl l\u00e4sst sich noch steigern, und zwar mit einer sch\u00f6nen Schatten spendenden Markise. Der Sonnenschutz sorgt daf\u00fcr, dass Haut und Kreislauf von direkter Strahlung verschont bleiben und die G\u00e4ste den Aufenthalt im Freien genie\u00dfen k\u00f6nnen, ohne dabei \u00fcberm\u00e4\u00dfig ins Schwitzen zu geraten. Eine beliebte Sonderform unter den Markisen bietet die vor allem f\u00fcr Mietswohnungen interessante Klemmmarkise.<\/p>\n<h3>Wie funktioniert eine Klemmmarkise?<\/h3>\n<p>Klemmmarkisen haben den grundlegenden Vorteil, dass sie ohne umfangreiche Montage mit Bohren und Schrauben aufgestellt werden k\u00f6nnen. Das Tragegest\u00e4nge verf\u00fcgt an den oberen und unteren Enden jeweils \u00fcber praktische Schraubf\u00fc\u00dfe, mit denen sich das Ger\u00fcst ganz einfach zwischen Balkondecke und Boden festklemmen l\u00e4sst. Auch im Terrassen- oder Eingangsbereich l\u00e4sst sich dieses System einsetzen. Viele Terrassen sind beispielsweise durch einen \u00fcberstehenden Balkon bereits teilweise \u00fcberdacht. Auch \u00fcberall sonst, wo sich eine stabile Decke befindet, kann die Klemmmarkise eingesetzt werden. Auf den Abstand zum Boden kann das Gest\u00e4nge dann mit den Schraubf\u00fc\u00dfen individuell angepasst werden.<\/p>\n<h2>Der Vorteil einer Klemmmarkise<\/h2>\n<p>Ein gro\u00dfes Plus von dieser Markisen ist, dass durch ihre Verwendung keinerlei Sch\u00e4den an Fassade oder Fenstern entstehen. Wird der Schattenspender nicht mehr ben\u00f6tigt, kann er einfach abgeklemmt werden, ohne dass h\u00e4ssliche Bohrl\u00f6cher zur\u00fcckbleiben. Das macht diese Markisenart vor allem zum idealen Sonnenschutz bei Mietobjekten.<\/p>\n<h3>Klemmmarkisen von rolloshop24.eu<\/h3>\n<p>Gute Klemmmarkisen finden sich vor allem im Internet unter www.rolloshop24.eu. Die Seite bietet preiswerte Qualit\u00e4tsmarkisen aus Deutschland, unter denen jeder schnell sein Traummodell gefunden haben wird.<\/p>\n","protected":false},"excerpt":{"rendered":"<p>Klemmmarkisen als Sonnendach Gibt es etwas Gem\u00fctlicheres, als bei sommerlichen Graden mit der Familie oder Freunden auf dem heimischen Balkon oder der Terrasse zu sitzen? Doch dieses Hochgef\u00fchl l\u00e4sst sich noch steigern, und zwar mit einer sch\u00f6nen Schatten spendenden Markise. &hellip; <a href=\"https:\/\/www.rolloshop24.eu\/ratgeber\/klemmmarkisen-info\/\">Weiterlesen <span class=\"meta-nav\">&rarr;<\/span><\/a><\/p>\n","protected":false},"author":2,"featured_media":0,"parent":0,"menu_order":0,"comment_status":"closed","ping_status":"open","template":"","meta":{"om_disable_all_campaigns":false,"_monsterinsights_skip_tracking":false,"_monsterinsights_sitenote_active":false,"_monsterinsights_sitenote_note":"","_monsterinsights_sitenote_category":0,"footnotes":""},"aioseo_notices":[],"_links":{"self":[{"href":"https:\/\/www.rolloshop24.eu\/ratgeber\/wp-json\/wp\/v2\/pages\/10"}],"collection":[{"href":"https:\/\/www.rolloshop24.eu\/ratgeber\/wp-json\/wp\/v2\/pages"}],"about":[{"href":"https:\/\/www.rolloshop24.eu\/ratgeber\/wp-json\/wp\/v2\/types\/page"}],"author":[{"embeddable":true,"href":"https:\/\/www.rolloshop24.eu\/ratgeber\/wp-json\/wp\/v2\/users\/2"}],"replies":[{"embeddable":true,"href":"https:\/\/www.rolloshop24.eu\/ratgeber\/wp-json\/wp\/v2\/comments?post=10"}],"version-history":[{"count":3,"href":"https:\/\/www.rolloshop24.eu\/ratgeber\/wp-json\/wp\/v2\/pages\/10\/revisions"}],"predecessor-version":[{"id":1363,"href":"https:\/\/www.rolloshop24.eu\/ratgeber\/wp-json\/wp\/v2\/pages\/10\/revisions\/1363"}],"wp:attachment":[{"href":"https:\/\/www.rolloshop24.eu\/ratgeber\/wp-json\/wp\/v2\/media?parent=10"}],"curies":[{"name":"wp","href":"https:\/\/api.w.org\/{rel}","templated":true}]}}