{"id":12,"date":"2022-03-04T11:55:00","date_gmt":"2022-03-04T09:55:00","guid":{"rendered":"https:\/\/www.rolloshop24.eu\/ratgeber\/?page_id=12"},"modified":"2022-03-10T09:33:31","modified_gmt":"2022-03-10T07:33:31","slug":"markise-gunstig-info","status":"publish","type":"page","link":"https:\/\/www.rolloshop24.eu\/ratgeber\/markise-gunstig-info\/","title":{"rendered":"Markise g\u00fcnstig Info"},"content":{"rendered":"<h2>Was macht eine Markise g\u00fcnstig?<\/h2>\n<p>An hei\u00dfen Sommertagen sehnt man sich au\u00dfer nach einem k\u00fchlen Getr\u00e4nk h\u00f6chstens noch nach einem: Einem gem\u00fctlichen Platz im Schatten. Wer sich solch einen sonnenfreien Ort auf seinem eigenen Grundst\u00fcck schaffen m\u00f6chte, der sollte sich unbedingt einmal bei den <strong>Markisenherstellern<\/strong> umsehen. Befestigungsart, Farbe und Design k\u00f6nnen individuell gew\u00e4hlt werden, sodass sich in jedem Fall ein Sonnenschutz finden l\u00e4sst, der das individuelle Ambiente des eigenen Gartens optimal zur Geltung bringt.<\/p>\n<h3>Welche Einsatzgebiete sind bei Markisen g\u00fcnstig?<\/h3>\n<p>Markisen lassen sich zum einen als Sonnendach einsetzen und machen somit den Aufenthalt auf dem Balkon oder der Terrasse angenehmer. Wenn sie vor dem Fenster befestigt werden, sorgt dies f\u00fcr Schatten und K\u00fchlung auch innerhalb der Wohnung, sodass ein ideales Raumklima erzielt werden kann. Auch f\u00fcr den Wintergarten oder gro\u00dfe Glasfronten eignen sich <strong>Markisen<\/strong> als Temperaturregulatoren. Dabei kann mit einem <a href=\"https:\/\/www.rolloshop24.eu\/index.php?seite=kat&amp;katid=58\">ausgekl\u00fcgelten Markisensystem<\/a> sogar auf den unterschiedlichen Sonnenstand bei wechselnden Tages- und Jahreszeiten eingegangen werden.<\/p>\n<h2>Markise g\u00fcnstig \u00fcbers Internet bestellen<\/h2>\n<p>Doch wo findet man eine entsprechend gro\u00dfe Auswahl, qualitativ hochwertiger Sonnend\u00e4cher? Wer seine <strong>Markise g\u00fcnstig<\/strong> erstehen m\u00f6chte, sollte unbedingt im World Wide Web nachsehen. Dieses Medium hat den gro\u00dfen Vorteil, dass man bequem von daheim aus vergleichen und bestellen kann, was zus\u00e4tzliche Spritkosten er\u00fcbrigt. Auf die entsprechende Fachberatung kann ja auch per Telefon zur\u00fcckgegriffen werden.<\/p>\n<h3>Markisen g\u00fcnstig kaufen bei rolloshop24<\/h3>\n<p>Wer seine Markisen g\u00fcnstig kaufen will und den Rat befolgt sich im Internet auf die Suche zu machen, der wird fr\u00fcher oder sp\u00e4ter \u00fcber den rolloshop24 stolpern. Wir als Markisenanbieter b\u00fcrgen mit Tiefstpreisen und bis zu 3 Jahren Garantie f\u00fcr das optimale Preis-Leistungs-Verh\u00e4ltnis seiner <strong>Markenmarkisen<\/strong>.<\/p>\n<hr \/>\n<p>Informationen zu <a href=\"https:\/\/www.rolloshop24.eu\/index.php?seite=kat&amp;katid=60\">Plissees<\/a> finden Sie in unserem Konfigurator<\/p>\n<p>oder im <a href=\"https:\/\/www.rolloshop24.eu\/plissee-rollo\/\">Online Ratgeber f\u00fcr Plissees<\/a>.<\/p>\n","protected":false},"excerpt":{"rendered":"<p>Was macht eine Markise g\u00fcnstig? An hei\u00dfen Sommertagen sehnt man sich au\u00dfer nach einem k\u00fchlen Getr\u00e4nk h\u00f6chstens noch nach einem: Einem gem\u00fctlichen Platz im Schatten. Wer sich solch einen sonnenfreien Ort auf seinem eigenen Grundst\u00fcck schaffen m\u00f6chte, der sollte sich &hellip; <a href=\"https:\/\/www.rolloshop24.eu\/ratgeber\/markise-gunstig-info\/\">Weiterlesen <span class=\"meta-nav\">&rarr;<\/span><\/a><\/p>\n","protected":false},"author":2,"featured_media":0,"parent":0,"menu_order":0,"comment_status":"closed","ping_status":"closed","template":"","meta":{"om_disable_all_campaigns":false,"_monsterinsights_skip_tracking":false,"_monsterinsights_sitenote_active":false,"_monsterinsights_sitenote_note":"","_monsterinsights_sitenote_category":0,"footnotes":""},"aioseo_notices":[],"_links":{"self":[{"href":"https:\/\/www.rolloshop24.eu\/ratgeber\/wp-json\/wp\/v2\/pages\/12"}],"collection":[{"href":"https:\/\/www.rolloshop24.eu\/ratgeber\/wp-json\/wp\/v2\/pages"}],"about":[{"href":"https:\/\/www.rolloshop24.eu\/ratgeber\/wp-json\/wp\/v2\/types\/page"}],"author":[{"embeddable":true,"href":"https:\/\/www.rolloshop24.eu\/ratgeber\/wp-json\/wp\/v2\/users\/2"}],"replies":[{"embeddable":true,"href":"https:\/\/www.rolloshop24.eu\/ratgeber\/wp-json\/wp\/v2\/comments?post=12"}],"version-history":[{"count":3,"href":"https:\/\/www.rolloshop24.eu\/ratgeber\/wp-json\/wp\/v2\/pages\/12\/revisions"}],"predecessor-version":[{"id":1366,"href":"https:\/\/www.rolloshop24.eu\/ratgeber\/wp-json\/wp\/v2\/pages\/12\/revisions\/1366"}],"wp:attachment":[{"href":"https:\/\/www.rolloshop24.eu\/ratgeber\/wp-json\/wp\/v2\/media?parent=12"}],"curies":[{"name":"wp","href":"https:\/\/api.w.org\/{rel}","templated":true}]}}