{"id":14,"date":"2018-10-04T12:00:00","date_gmt":"2018-10-04T10:00:00","guid":{"rendered":"https:\/\/www.rolloshop24.eu\/ratgeber\/?page_id=14"},"modified":"2018-10-12T09:12:47","modified_gmt":"2018-10-12T07:12:47","slug":"aussenrollos-info","status":"publish","type":"page","link":"https:\/\/www.rolloshop24.eu\/ratgeber\/aussenrollos-info\/","title":{"rendered":"Aussenrollos Info"},"content":{"rendered":"<h2>Aussenrollos mit verschiedenen F\u00fchrungssystemen<\/h2>\n<p>Wenn Sie einen geeigneten Sonnenschutz suchen, gehen Ihnen wahrscheinlich viele Fragen durch den Kopf. Eine grundlegende Frage ist, ob der Fensterbehang au\u00dfen oder innen angebracht werden soll. Beide Varianten haben Ihre Licht- und Schattenseiten. Plissees beispielsweise brauchen nicht gegen Unwetter gesch\u00fctzt zu werden und k\u00f6nnen daher auch aus feinerem Material bestehen. <strong>Aussenrollos<\/strong> hingegen m\u00fcssen nicht den Anspruch erf\u00fcllen zur Einrichtung zu passen und bieten neben der Lichtabschirmung auch noch einen gewissen Schutz gegen Hitze und K\u00e4lte. Daf\u00fcr sind sie aber umso intensiver Wind, Wasser, Schmutz und Licht ausgesetzt.<\/p>\n<p>Deshalb werden <a href=\"https:\/\/www.rolloshop24.eu\/index.php?seite=kat&amp;katid=71\">Aussenrollos auch aus strapazierf\u00e4higem Markisenstoff<\/a> gefertigt, der zum Schutz in eine Kassette eingerollt werden kann. Damit auch bei b\u00f6igem Wetter die Funktion der Rollos nicht beeintr\u00e4chtig wird, verf\u00fcgen sie \u00fcber verschiedene F\u00fchrungssysteme. F\u00fcr kleine bis mittelgro\u00dfe Glasfl\u00e4chen werden meist Modelle mit Stahlseil verwendet, was besonders schlicht und elegant wirkt. Bei gro\u00dfen Fenstern wird zur Stabilisierung der Einsatz von Rollos mit F\u00fchrungsschienen an. Beide Systeme k\u00f6nnen per Hand oder \u00fcber einen Motor betrieben werden.<\/p>\n<h2>Aussenrollos vom Profi<\/h2>\n<p>M\u00f6chten Sie ein Qualit\u00e4ts-Aussenrollo erstehen, dann sollten Sie nicht einfach irgendeinen Baumarkt aufsuchen und das erstbeste Kaufen, was Ihnen in die Finger kommt. Kommen Sie lieber auf unsere Internetseite rolloshop24.eu. Wir haben uns auf Markisen und andere Fensterbeh\u00e4nge spezialisiert und sind Fachleute in Sachen Sicht- und Sonnenschutz. Unsere <em>Aussenrollos<\/em> k\u00f6nnen Sie sich direkt passend zu Ihren Fenstern bestellen und wir liefern Ihnen dann alles ma\u00dfangefertigt bis vor die T\u00fcr. Teurer, als wenn Sie selbst losziehen und ein Markenrollo beschaffen, wird das f\u00fcr Sie nicht, das k\u00f6nnen wir garantieren.<\/p>\n","protected":false},"excerpt":{"rendered":"<p>Aussenrollos mit verschiedenen F\u00fchrungssystemen Wenn Sie einen geeigneten Sonnenschutz suchen, gehen Ihnen wahrscheinlich viele Fragen durch den Kopf. Eine grundlegende Frage ist, ob der Fensterbehang au\u00dfen oder innen angebracht werden soll. Beide Varianten haben Ihre Licht- und Schattenseiten. Plissees beispielsweise &hellip; <a href=\"https:\/\/www.rolloshop24.eu\/ratgeber\/aussenrollos-info\/\">Weiterlesen <span class=\"meta-nav\">&rarr;<\/span><\/a><\/p>\n","protected":false},"author":2,"featured_media":0,"parent":0,"menu_order":0,"comment_status":"closed","ping_status":"open","template":"","meta":{"om_disable_all_campaigns":false,"_monsterinsights_skip_tracking":false,"_monsterinsights_sitenote_active":false,"_monsterinsights_sitenote_note":"","_monsterinsights_sitenote_category":0,"footnotes":""},"aioseo_notices":[],"_links":{"self":[{"href":"https:\/\/www.rolloshop24.eu\/ratgeber\/wp-json\/wp\/v2\/pages\/14"}],"collection":[{"href":"https:\/\/www.rolloshop24.eu\/ratgeber\/wp-json\/wp\/v2\/pages"}],"about":[{"href":"https:\/\/www.rolloshop24.eu\/ratgeber\/wp-json\/wp\/v2\/types\/page"}],"author":[{"embeddable":true,"href":"https:\/\/www.rolloshop24.eu\/ratgeber\/wp-json\/wp\/v2\/users\/2"}],"replies":[{"embeddable":true,"href":"https:\/\/www.rolloshop24.eu\/ratgeber\/wp-json\/wp\/v2\/comments?post=14"}],"version-history":[{"count":3,"href":"https:\/\/www.rolloshop24.eu\/ratgeber\/wp-json\/wp\/v2\/pages\/14\/revisions"}],"predecessor-version":[{"id":1352,"href":"https:\/\/www.rolloshop24.eu\/ratgeber\/wp-json\/wp\/v2\/pages\/14\/revisions\/1352"}],"wp:attachment":[{"href":"https:\/\/www.rolloshop24.eu\/ratgeber\/wp-json\/wp\/v2\/media?parent=14"}],"curies":[{"name":"wp","href":"https:\/\/api.w.org\/{rel}","templated":true}]}}