{"id":16,"date":"2018-10-04T12:00:00","date_gmt":"2018-10-04T10:00:00","guid":{"rendered":"https:\/\/www.rolloshop24.eu\/ratgeber\/?page_id=16"},"modified":"2018-10-12T09:12:47","modified_gmt":"2018-10-12T07:12:47","slug":"dachfensterrollo-info","status":"publish","type":"page","link":"https:\/\/www.rolloshop24.eu\/ratgeber\/dachfensterrollo-info\/","title":{"rendered":"Dachfensterrollo Info"},"content":{"rendered":"<h2>Das praktische Dachfensterrollo<\/h2>\n<p>Wenn Sie das Wort <strong>Dachfensterrollo<\/strong> h\u00f6ren, denken Sie vielleicht als Erstes daran, dass sich damit eine Dachgeschosswohnung optimal vor zu starkem Sonnenlicht sch\u00fctzen l\u00e4sst. Nat\u00fcrlich wurden diese Fensterbeh\u00e4nge auch speziell zu diesem Zweck angefertigt und sind passend zu bestimmten Fenstermodellen zu bekommen. Allerdings k\u00f6nnen Sie ein <em>Dachfensterrollo<\/em> auch als Sicht- oder Sonnenschutz f\u00fcr alle anderen schr\u00e4gen Glasfl\u00e4chen verwenden. Sind Sie beispielsweise im Besitz eines Wintergartens, macht es Sinn die komplette Glasfront mit Rollos zu beh\u00e4ngen. Als G\u00e4rtner wissen Sie wie viel Licht Ihre Pflanzen ben\u00f6tigen und k\u00f6nnen mit einem guten Sonnenschutz den Strahlungseinfall entsprechend abstimmen. Doch auch Ihr eigener Aufenthalt im Wintergarten wird angenehmer, wenn keine Sonne Sie blendet und die Temperatur ertr\u00e4glich ist.<\/p>\n<h2>Dachfensterrollo online bestellen<\/h2>\n<p>Egal, ob Sie die Rollos nun f\u00fcr Ihr Gew\u00e4chshaus einsetzen oder in Ihrer urspr\u00fcnglichen Funktion als Dachfensterrollo gebrauchen \u2013 Sie ben\u00f6tigen einen zuverl\u00e4ssigen Lieferanten, dessen Ware zudem nicht allzu kostspielig sein sollte.<\/p>\n<p>Mit unserem Internetshop rolloshop24.eu k\u00f6nnen wir Ihnen genau das bieten. Die Seite erm\u00f6glicht einen Rundumservice, den Sie ganz bequem von Ihrem heimischen PC aus in Anspruch nehmen k\u00f6nnen. Dabei spielt es keine Rolle, welche Ma\u00dfe Ihre einzelnen Fenster haben. \u00dcber unser flexibles Auswahlverfahren k\u00f6nnen Sie die Gr\u00f6\u00dfe selbst bestimmen.<\/p>\n<p>Da wir <a href=\"https:\/\/www.rolloshop24.eu\/\">Spezialist f\u00fcr Sicht- und Sonnenschutz<\/a> sind und unsere Ware in ganz Deutschland absetzen, k\u00f6nnen wir selbst g\u00fcnstig einkaufen und sehen es als unsere Pflicht an, diese Vorteile auch an unsere Kunden weiterzugeben. Unsere Produkte wurden in Deutschland gefertigt und werden mittlerweile auch in einige deutsche Nachbarl\u00e4nder geliefert.<\/p>\n","protected":false},"excerpt":{"rendered":"<p>Das praktische Dachfensterrollo Wenn Sie das Wort Dachfensterrollo h\u00f6ren, denken Sie vielleicht als Erstes daran, dass sich damit eine Dachgeschosswohnung optimal vor zu starkem Sonnenlicht sch\u00fctzen l\u00e4sst. Nat\u00fcrlich wurden diese Fensterbeh\u00e4nge auch speziell zu diesem Zweck angefertigt und sind passend &hellip; <a href=\"https:\/\/www.rolloshop24.eu\/ratgeber\/dachfensterrollo-info\/\">Weiterlesen <span class=\"meta-nav\">&rarr;<\/span><\/a><\/p>\n","protected":false},"author":2,"featured_media":0,"parent":0,"menu_order":0,"comment_status":"closed","ping_status":"open","template":"","meta":{"om_disable_all_campaigns":false,"_monsterinsights_skip_tracking":false,"_monsterinsights_sitenote_active":false,"_monsterinsights_sitenote_note":"","_monsterinsights_sitenote_category":0,"footnotes":""},"aioseo_notices":[],"_links":{"self":[{"href":"https:\/\/www.rolloshop24.eu\/ratgeber\/wp-json\/wp\/v2\/pages\/16"}],"collection":[{"href":"https:\/\/www.rolloshop24.eu\/ratgeber\/wp-json\/wp\/v2\/pages"}],"about":[{"href":"https:\/\/www.rolloshop24.eu\/ratgeber\/wp-json\/wp\/v2\/types\/page"}],"author":[{"embeddable":true,"href":"https:\/\/www.rolloshop24.eu\/ratgeber\/wp-json\/wp\/v2\/users\/2"}],"replies":[{"embeddable":true,"href":"https:\/\/www.rolloshop24.eu\/ratgeber\/wp-json\/wp\/v2\/comments?post=16"}],"version-history":[{"count":2,"href":"https:\/\/www.rolloshop24.eu\/ratgeber\/wp-json\/wp\/v2\/pages\/16\/revisions"}],"predecessor-version":[{"id":1354,"href":"https:\/\/www.rolloshop24.eu\/ratgeber\/wp-json\/wp\/v2\/pages\/16\/revisions\/1354"}],"wp:attachment":[{"href":"https:\/\/www.rolloshop24.eu\/ratgeber\/wp-json\/wp\/v2\/media?parent=16"}],"curies":[{"name":"wp","href":"https:\/\/api.w.org\/{rel}","templated":true}]}}