{"id":18,"date":"2022-06-17T10:02:12","date_gmt":"2022-06-17T08:02:12","guid":{"rendered":"https:\/\/www.rolloshop24.eu\/ratgeber\/?page_id=18"},"modified":"2022-06-17T10:15:05","modified_gmt":"2022-06-17T08:15:05","slug":"ausen-rollladen-info","status":"publish","type":"page","link":"https:\/\/www.rolloshop24.eu\/ratgeber\/ausen-rollladen-info\/","title":{"rendered":"Au\u00dfen Rolll\u00e4den Info"},"content":{"rendered":"<h2>Als Wetterschutz einfach au\u00dfen Roll\u00e4den montieren<\/h2>\n<p>Wenn Sie auf der Suche nach einem einfach zu montierenden, dauerhaften Sonnenschutz sind, dann sind <em>Au\u00dfen Roll\u00e4den<\/em> genau die richtige L\u00f6sung. W\u00e4hrend Fensterbeh\u00e4nge, die innen angebracht werden vorwiegend als Sonnenschutz dienen, k\u00f6nnen<strong> Au\u00dfen Roll\u00e4den<\/strong> auch dazu beitragen die Zimmertemperatur zu regulieren. Sind die Roll\u00e4den ganz heruntergelassen bieten Sie einen zus\u00e4tzlichen Schutz gegen Unwetter und K\u00e4lte. Zudem l\u00e4sst sich das Tageslicht damit dimmen oder gar ganz abschirmen, sodass Sie auch am helllichten Tag Ihre R\u00e4ume komplett verdunkeln k\u00f6nnen. Somit ist ein solcher Sonnenschutz vor allem im Sommer unerl\u00e4sslich, wenn Sie ein Zimmer m\u00f6glichst k\u00fchl halten m\u00f6chten.<\/p>\n<p>Ein weiterer Pluspunkt dieser Vorbauroll\u00e4den ist, dass den L\u00e4rm von drau\u00dfen abd\u00e4mpft. Sind Sie Schichtarbeiter und m\u00fcssen oft nachts arbeiten? Dann sollten Sie unbedingt Ihre Schlafzimmerfenster damit ausstatten. So k\u00f6nnen Sie st\u00f6rendes Tageslicht und nervige Ger\u00e4usche aussperren und k\u00f6nnen auch am Tag gut schlafen.<\/p>\n<h2>Au\u00dfen Roll\u00e4den \u00fcbers Internet kaufen<\/h2>\n<p>Was Sie beim <a href=\"https:\/\/www.rolloshop24.eu\/index.php?seite=kat&amp;katid=71\">Kauf von Au\u00dfen Roll\u00e4den<\/a> zun\u00e4chst abschrecken mag, ist der Transport der sperrig verpackten Rolladenk\u00e4sten. Au\u00dferdem m\u00fcssen Sie ja erst einmal ein Gesch\u00e4ft finden, welches genau die Vorbauroll\u00e4den in der Gr\u00f6\u00dfe im Angebot hat, die Sie ben\u00f6tigen. Beide Sorgen k\u00f6nnen Sie sich sparen, wenn Sie direkt zu unserer Seite rolloshop24<a href=\"https:\/\/www.rolloshop24.eu\/\">.<\/a>eu&nbsp;navigieren und dort den Internetkauf nutzen. Unser Shop erwartet Sie mit einer gro\u00dfz\u00fcgigen Auswahl und bietet Roll\u00e4den f\u00fcr jede Fensterbreite. Ihre Eink\u00e4ufe werden schnell und sicher von unserem eigenen Transportservice bis zu Ihnen nach Hause geliefert. Auch die Montage d\u00fcrfte f\u00fcr Sie dank unserer ausf\u00fchrlichen Anleitungen kein Problem darstellen.<\/p>\n","protected":false},"excerpt":{"rendered":"<p>Als Wetterschutz einfach au\u00dfen Roll\u00e4den montieren Wenn Sie auf der Suche nach einem einfach zu montierenden, dauerhaften Sonnenschutz sind, dann sind Au\u00dfen Roll\u00e4den genau die richtige L\u00f6sung. W\u00e4hrend Fensterbeh\u00e4nge, die innen angebracht werden vorwiegend als Sonnenschutz dienen, k\u00f6nnen Au\u00dfen Roll\u00e4den &hellip; <a href=\"https:\/\/www.rolloshop24.eu\/ratgeber\/ausen-rollladen-info\/\">Weiterlesen <span class=\"meta-nav\">&rarr;<\/span><\/a><\/p>\n","protected":false},"author":2,"featured_media":0,"parent":0,"menu_order":0,"comment_status":"closed","ping_status":"closed","template":"","meta":{"om_disable_all_campaigns":false,"_monsterinsights_skip_tracking":false,"_monsterinsights_sitenote_active":false,"_monsterinsights_sitenote_note":"","_monsterinsights_sitenote_category":0,"footnotes":""},"aioseo_notices":[],"_links":{"self":[{"href":"https:\/\/www.rolloshop24.eu\/ratgeber\/wp-json\/wp\/v2\/pages\/18"}],"collection":[{"href":"https:\/\/www.rolloshop24.eu\/ratgeber\/wp-json\/wp\/v2\/pages"}],"about":[{"href":"https:\/\/www.rolloshop24.eu\/ratgeber\/wp-json\/wp\/v2\/types\/page"}],"author":[{"embeddable":true,"href":"https:\/\/www.rolloshop24.eu\/ratgeber\/wp-json\/wp\/v2\/users\/2"}],"replies":[{"embeddable":true,"href":"https:\/\/www.rolloshop24.eu\/ratgeber\/wp-json\/wp\/v2\/comments?post=18"}],"version-history":[{"count":4,"href":"https:\/\/www.rolloshop24.eu\/ratgeber\/wp-json\/wp\/v2\/pages\/18\/revisions"}],"predecessor-version":[{"id":1440,"href":"https:\/\/www.rolloshop24.eu\/ratgeber\/wp-json\/wp\/v2\/pages\/18\/revisions\/1440"}],"wp:attachment":[{"href":"https:\/\/www.rolloshop24.eu\/ratgeber\/wp-json\/wp\/v2\/media?parent=18"}],"curies":[{"name":"wp","href":"https:\/\/api.w.org\/{rel}","templated":true}]}}