{"id":20,"date":"2021-06-05T09:03:00","date_gmt":"2021-06-05T07:03:00","guid":{"rendered":"https:\/\/www.rolloshop24.eu\/ratgeber\/?page_id=20"},"modified":"2021-06-28T09:56:19","modified_gmt":"2021-06-28T07:56:19","slug":"jalousien-info","status":"publish","type":"page","link":"https:\/\/www.rolloshop24.eu\/ratgeber\/jalousien-info\/","title":{"rendered":"Jalousien Info"},"content":{"rendered":"<h2>Jalousien zur Dekoration<\/h2>\n<p style=\"text-align: justify;\">Legen Sie viel Wert auf eine ansprechend und individuell gestaltete Inneneinrichtung? Dann sollten Sie die M\u00f6glichkeiten, die Ihnen flexible <em>Jalousien<\/em> dabei bieten unbedingt ber\u00fccksichtigen. Zum einen ist dieser Fensterbehang selbst bereits sch\u00f6n anzusehen. Bei guten <strong>Jalousien<\/strong> sind die Farben von Oberschiene, Unterschiene und Schn\u00fcren den Lamellenfarben angepasst, sodass ein harmonisches Gesamtbild entsteht. Unter den vielen verschiedenen Jalousienmodellen ist f\u00fcr jeden Geschmack etwas dabei. Ob poppig und bunt oder elegant und schlicht \u2013 mit Jalousien k\u00f6nnen Sie Ihr Fenster passend zur \u00fcbrigen Einrichtung schm\u00fccken.<\/p>\n<p>Dank dem<a href=\"https:\/\/www.rolloshop24.eu\/index.php?seite=bp&amp;pid=28\"> lichtdurchl\u00e4ssigen Lamellensystem<\/a> k\u00f6nnen Sie zudem das Ambiente in Ihrem Zimmer ver\u00e4ndern. Vielleicht haben Sie Ihre k\u00fcnstliche Raumbeleuchtung bereits so ausgew\u00e4hlt, dass Sie unterschiedliche Stimmungen erzeugen k\u00f6nnen. Mit einer guten Jalousie besitzen Sie quasi einen Dimmer f\u00fcrs Tageslicht, was Ihnen viele weitere lichttechnische Spieloptionen er\u00f6ffnet.<\/p>\n<h3>Jalousien vom Fachmann<\/h3>\n<p style=\"text-align: justify;\">Beim Jalousienkauf sollten Sie nicht nur nach dem ersten Eindruck urteilen, sondern wirklich darauf achten, dass Sie Ware kaufen, an der Sie auch lange Freude haben. Dazu w\u00e4re es gut, sich zun\u00e4chst einmal etwas Hintergrundwissen anzueignen und sich dann gut beraten zu lassen. Beides \u2013 Infos und Kundenberatung \u2013 bieten wir Ihnen \u00fcber unseren Onlineshop rolloshop24.eu. Wir sind Fachleute f\u00fcr Fensterbeh\u00e4nge f\u00fcr innen und au\u00dfen und w\u00fcrden uns freuen, wenn wir Ihren Fenstern zu einer neuen Optik und erweiterter Funktionalit\u00e4t verhelfen k\u00f6nnten. Auch, wenn Sie uns mit etwas aus dem Rahmen fallenden Fenstergr\u00f6\u00dfen kommen \u2013 wir machen Ihnen Ihre Jalousie schon passend. Besonders stolz sind wir auch auf unseren firmeneigenen Lieferservice, der Ihnen Ihre ma\u00dfangefertigten Fensterbeh\u00e4nge deutschlandweit bis an die Haust\u00fcr bringt. <a href=\"https:\/\/www.rolloshop24.eu\/jalousie\">rolloshop24<\/a><\/p>\n","protected":false},"excerpt":{"rendered":"<p>Jalousien zur Dekoration Legen Sie viel Wert auf eine ansprechend und individuell gestaltete Inneneinrichtung? Dann sollten Sie die M\u00f6glichkeiten, die Ihnen flexible Jalousien dabei bieten unbedingt ber\u00fccksichtigen. Zum einen ist dieser Fensterbehang selbst bereits sch\u00f6n anzusehen. Bei guten Jalousien sind &hellip; <a href=\"https:\/\/www.rolloshop24.eu\/ratgeber\/jalousien-info\/\">Weiterlesen <span class=\"meta-nav\">&rarr;<\/span><\/a><\/p>\n","protected":false},"author":1,"featured_media":0,"parent":0,"menu_order":0,"comment_status":"closed","ping_status":"open","template":"","meta":{"om_disable_all_campaigns":false,"_monsterinsights_skip_tracking":false,"_monsterinsights_sitenote_active":false,"_monsterinsights_sitenote_note":"","_monsterinsights_sitenote_category":0,"footnotes":""},"aioseo_notices":[],"_links":{"self":[{"href":"https:\/\/www.rolloshop24.eu\/ratgeber\/wp-json\/wp\/v2\/pages\/20"}],"collection":[{"href":"https:\/\/www.rolloshop24.eu\/ratgeber\/wp-json\/wp\/v2\/pages"}],"about":[{"href":"https:\/\/www.rolloshop24.eu\/ratgeber\/wp-json\/wp\/v2\/types\/page"}],"author":[{"embeddable":true,"href":"https:\/\/www.rolloshop24.eu\/ratgeber\/wp-json\/wp\/v2\/users\/1"}],"replies":[{"embeddable":true,"href":"https:\/\/www.rolloshop24.eu\/ratgeber\/wp-json\/wp\/v2\/comments?post=20"}],"version-history":[{"count":4,"href":"https:\/\/www.rolloshop24.eu\/ratgeber\/wp-json\/wp\/v2\/pages\/20\/revisions"}],"predecessor-version":[{"id":1403,"href":"https:\/\/www.rolloshop24.eu\/ratgeber\/wp-json\/wp\/v2\/pages\/20\/revisions\/1403"}],"wp:attachment":[{"href":"https:\/\/www.rolloshop24.eu\/ratgeber\/wp-json\/wp\/v2\/media?parent=20"}],"curies":[{"name":"wp","href":"https:\/\/api.w.org\/{rel}","templated":true}]}}