{"id":21,"date":"2022-03-11T10:44:00","date_gmt":"2022-03-11T08:44:00","guid":{"rendered":"https:\/\/www.rolloshop24.eu\/ratgeber\/?page_id=21"},"modified":"2022-03-14T11:14:57","modified_gmt":"2022-03-14T09:14:57","slug":"dachfenster-jalousien-info","status":"publish","type":"page","link":"https:\/\/www.rolloshop24.eu\/ratgeber\/dachfenster-jalousien-info\/","title":{"rendered":"Dachfenster Jalousien Info"},"content":{"rendered":"<h2>Dachfenster Jalousien f\u00fcr ein gutes Raumklima<\/h2>\n<p>Wenn Sie Single sind und noch nicht so viel verdienen, m\u00f6gen Sie bei der Suche nach einer Mietwohnung eventuell ein Dachzimmer angeboten bekommen. Auch sp\u00e4ter mag eine Dachwohnung am g\u00fcnstigsten zu bekommen sein. Denn zum einen haben diese R\u00e4ume den Nachteil, dass der Platz durch die Dachschr\u00e4ge eingeschr\u00e4nkt wird. Ein weiteres Manko ist, dass es im Sommer schnell sehr hei\u00df werden kann. F\u00fcr letzteres \u00dcbel gibt es aber ein Gegenmittel, welches Sie auch finanzieren k\u00f6nnen, wenn Sie nur \u00fcber wenig Geld verf\u00fcgen. Die Rede ist von <strong>Dachfenster Jalousien<\/strong>. <a href=\"http:\/\/rolloshop24.eu\/index.php?seite=kat&amp;katid=55\">Dachfenster Jalousien<\/a> erm\u00f6glichen es, mit wenig Material einen effektiven Schutz gegen die Sonnenstrahlen einzurichten. Wenn Sie aus dem Haus sind, k\u00f6nnen Sie den Fensterbehang einfach ganz runterziehen, sodass die Hitze sich gar nicht erst entwickeln kann. Sind Sie dann wieder daheim, k\u00f6nnen Sie die Dachfenster Jalousien so einstellen, dass gen\u00fcgend Licht f\u00fcr Ihre T\u00e4tigkeiten hineinf\u00e4llt, ohne, dass die Sonne aus Ihrem Zimmer gleich einen Backofen macht.<\/p>\n<h3>Dachfenster Jalousien bei rolloshop24.eu<\/h3>\n<p>Als Spezialist f\u00fcr Fensterbeh\u00e4nge, <a href=\"https:\/\/www.rolloshop24.eu\/index.php?seite=kat&amp;katid=59\">Sicht- und Sonnenschutz<\/a> haben wir von rolloshop24.eu nat\u00fcrlich auch <em>Dachfenster Jalousien<\/em> f\u00fcr Sie im Programm. Dabei haben wir es uns zum Ziel gesetzt, ganz auf Ihre individuellen W\u00fcnsche einzugehen. Bei der Vielzahl an Materialien und Farben werden Sie schnell eine Abschirml\u00f6sung finden, die sowohl zu Ihrem Einrichtungsstyle passt als auch effektiv Ihren Zweck erf\u00fcllt. Wenn Sie eine Ma\u00dfanfertigung ben\u00f6tigen k\u00f6nnen Sie uns die genauen Abmessungen bei Ihrer Bestellung mitteile. Bei Roto- oder Veluxfenster reicht uns auch die Typenbezeichnung, f\u00fcr eine passend designte Dachfenster Jalousie.<\/p>\n","protected":false},"excerpt":{"rendered":"<p>Dachfenster Jalousien f\u00fcr ein gutes Raumklima Wenn Sie Single sind und noch nicht so viel verdienen, m\u00f6gen Sie bei der Suche nach einer Mietwohnung eventuell ein Dachzimmer angeboten bekommen. Auch sp\u00e4ter mag eine Dachwohnung am g\u00fcnstigsten zu bekommen sein. Denn &hellip; <a href=\"https:\/\/www.rolloshop24.eu\/ratgeber\/dachfenster-jalousien-info\/\">Weiterlesen <span class=\"meta-nav\">&rarr;<\/span><\/a><\/p>\n","protected":false},"author":2,"featured_media":0,"parent":0,"menu_order":0,"comment_status":"closed","ping_status":"closed","template":"","meta":{"om_disable_all_campaigns":false,"_monsterinsights_skip_tracking":false,"_monsterinsights_sitenote_active":false,"_monsterinsights_sitenote_note":"","_monsterinsights_sitenote_category":0,"footnotes":""},"aioseo_notices":[],"_links":{"self":[{"href":"https:\/\/www.rolloshop24.eu\/ratgeber\/wp-json\/wp\/v2\/pages\/21"}],"collection":[{"href":"https:\/\/www.rolloshop24.eu\/ratgeber\/wp-json\/wp\/v2\/pages"}],"about":[{"href":"https:\/\/www.rolloshop24.eu\/ratgeber\/wp-json\/wp\/v2\/types\/page"}],"author":[{"embeddable":true,"href":"https:\/\/www.rolloshop24.eu\/ratgeber\/wp-json\/wp\/v2\/users\/2"}],"replies":[{"embeddable":true,"href":"https:\/\/www.rolloshop24.eu\/ratgeber\/wp-json\/wp\/v2\/comments?post=21"}],"version-history":[{"count":1,"href":"https:\/\/www.rolloshop24.eu\/ratgeber\/wp-json\/wp\/v2\/pages\/21\/revisions"}],"predecessor-version":[{"id":1353,"href":"https:\/\/www.rolloshop24.eu\/ratgeber\/wp-json\/wp\/v2\/pages\/21\/revisions\/1353"}],"wp:attachment":[{"href":"https:\/\/www.rolloshop24.eu\/ratgeber\/wp-json\/wp\/v2\/media?parent=21"}],"curies":[{"name":"wp","href":"https:\/\/api.w.org\/{rel}","templated":true}]}}