{"id":232,"date":"2018-10-08T12:00:00","date_gmt":"2018-10-08T10:00:00","guid":{"rendered":"https:\/\/www.rolloshop24.eu\/ratgeber\/?page_id=232"},"modified":"2018-10-12T09:13:08","modified_gmt":"2018-10-12T07:13:08","slug":"unterschiede-zwischen-markise-jalousie-rollo-und-plissee","status":"publish","type":"page","link":"https:\/\/www.rolloshop24.eu\/ratgeber\/unterschiede-zwischen-markise-jalousie-rollo-und-plissee\/","title":{"rendered":"Unterschiede zwischen Markise, Jalousie, Rollo und Plissee"},"content":{"rendered":"<h2 style=\"text-align: justify;\">Unterschiede zwischen Markise, Jalousie, Rollo und Plissee &#8211; die Jalousie<\/h2>\n<p style=\"text-align: justify;\">Die Jalousie ist aus der nutzerorientierten Gestaltung von Wohn- und Lebensbereichen nicht mehr wegzudenken und stellt gleichsam ein zentrales dekoratives und funktionales System dar.\u00a0Die Jalousie, die es als Innen- und Au\u00dfenvorrichtung gibt, basiert auf einer abweichenden Anzahl von Lamellen. Diese sind entweder \u00fcbereinander oder nebeneinander angeordnet und werden \u00fcber einen Seilzug bewegt. Dadurch entstehen Zwischenr\u00e4umen, durch die Licht hindurch dringen kann. Werden die Lamellen verdichtet, ist die Jalousie eine vorz\u00fcgliche Verdunkelungshilfe. Bei der Jalousie sind die Lamellen zudem leicht gew\u00f6lbt.\u00a0Der Ursprung der Bauweise der Jalousie beruht auf einer gitterartigen Ausr\u00fcstung von Fenstern, die mit orientalischen Mustern verziert waren.<\/p>\n<h3 style=\"text-align: justify;\">Das Rollo und der Plissee<\/h3>\n<p style=\"text-align: justify;\">Das aus Frankreich stammende Rollo wird an Fenstern und Glast\u00fcren angebracht und basiert auf einer rechteckigen Fl\u00e4che aus Holz oder anderen Werkstoffen, die \u00fcber einen Stab aufgewickelt sind. Diese Elemente werden in unterschiedlichen L\u00e4ngen ausgef\u00fchrt, die durch die Anzahl und die Bema\u00dfungen der Lamellen bestimmt wird. Auf- und abgerollt wird das Rollo \u00fcber eine Welle, die mit verschiedenen Antrieben versehen ist.\u00a0Ein Plissee, genauer gesagt, eine Plisseeanlage ist ein in gleichm\u00e4\u00dfige Falten gelegtes St\u00fcck Material, das aus straffem textilem Stoff oder aus Kunststoff gefertigt wird. Das Plissee \u00e4hnelt in seinem Aufbau einem Rollo, ist jedoch wesentlich leichter und zeichnet sich durch eine vereinfachte Konstruktion aus. Im Gegensatz zum Rollo wird der Plisseevorhang nicht aufgewickelt, sondern durch einen Seilzug eingefaltet.<\/p>\n<h2 style=\"text-align: justify;\">Unterschiede zwischen Markise, Jalousie, Rollo und Plissee &#8211; die Markise<\/h2>\n<p style=\"text-align: justify;\">Die Markise wird aus einem besonders eng strukturierten textilen Gewebe erzeugt, das entweder aus reinen Baumwollfasern oder aus einer Mischung von Baumwolle und synthetischen Garnen gesponnen wird. So erh\u00e4lt die Markise ihre ausgezeichnete Best\u00e4ndigkeit gegen\u00fcber Witterungseinfl\u00fcssen und ist enorm rei\u00dffest. Der Markisenstoff wird auf eine ma\u00dfgerechte Grundkonstruktion aufgespannt und gew\u00e4hrleistet einen Schutz gegen Sicht, Regen und Schnee, Sonnenlicht und ist manchmal auch ein Werbemittel. Innerhalb der Markisen gibt es eine Unzahl an Formen und Arten.<\/p>\n","protected":false},"excerpt":{"rendered":"<p>Unterschiede zwischen Markise, Jalousie, Rollo und Plissee &#8211; die Jalousie Die Jalousie ist aus der nutzerorientierten Gestaltung von Wohn- und Lebensbereichen nicht mehr wegzudenken und stellt gleichsam ein zentrales dekoratives und funktionales System dar.\u00a0Die Jalousie, die es als Innen- und &hellip; <a href=\"https:\/\/www.rolloshop24.eu\/ratgeber\/unterschiede-zwischen-markise-jalousie-rollo-und-plissee\/\">Weiterlesen <span class=\"meta-nav\">&rarr;<\/span><\/a><\/p>\n","protected":false},"author":2,"featured_media":236,"parent":0,"menu_order":0,"comment_status":"closed","ping_status":"open","template":"","meta":{"om_disable_all_campaigns":false,"_monsterinsights_skip_tracking":false,"_monsterinsights_sitenote_active":false,"_monsterinsights_sitenote_note":"","_monsterinsights_sitenote_category":0,"footnotes":""},"aioseo_notices":[],"_links":{"self":[{"href":"https:\/\/www.rolloshop24.eu\/ratgeber\/wp-json\/wp\/v2\/pages\/232"}],"collection":[{"href":"https:\/\/www.rolloshop24.eu\/ratgeber\/wp-json\/wp\/v2\/pages"}],"about":[{"href":"https:\/\/www.rolloshop24.eu\/ratgeber\/wp-json\/wp\/v2\/types\/page"}],"author":[{"embeddable":true,"href":"https:\/\/www.rolloshop24.eu\/ratgeber\/wp-json\/wp\/v2\/users\/2"}],"replies":[{"embeddable":true,"href":"https:\/\/www.rolloshop24.eu\/ratgeber\/wp-json\/wp\/v2\/comments?post=232"}],"version-history":[{"count":2,"href":"https:\/\/www.rolloshop24.eu\/ratgeber\/wp-json\/wp\/v2\/pages\/232\/revisions"}],"predecessor-version":[{"id":1398,"href":"https:\/\/www.rolloshop24.eu\/ratgeber\/wp-json\/wp\/v2\/pages\/232\/revisions\/1398"}],"wp:featuredmedia":[{"embeddable":true,"href":"https:\/\/www.rolloshop24.eu\/ratgeber\/wp-json\/wp\/v2\/media\/236"}],"wp:attachment":[{"href":"https:\/\/www.rolloshop24.eu\/ratgeber\/wp-json\/wp\/v2\/media?parent=232"}],"curies":[{"name":"wp","href":"https:\/\/api.w.org\/{rel}","templated":true}]}}