{"id":25,"date":"2022-03-09T09:12:00","date_gmt":"2022-03-09T07:12:00","guid":{"rendered":"https:\/\/www.rolloshop24.eu\/ratgeber\/?page_id=25"},"modified":"2022-03-10T09:31:29","modified_gmt":"2022-03-10T07:31:29","slug":"lamellen-info","status":"publish","type":"page","link":"https:\/\/www.rolloshop24.eu\/ratgeber\/lamellen-info\/","title":{"rendered":"Lamellen Info"},"content":{"rendered":"<h2>Lamellen als Sonnenschutz<\/h2>\n<p style=\"text-align: justify;\">Moderne Architektur zeichnet sich vor allem durch gro\u00dfe Glasfl\u00e4chen aus. Das Ergebnis sind helle R\u00e4ume mit einer belebend freundlichen Atmosph\u00e4re. Sind Sie Besitzer oder Mieter einer solch lichtdurchfluteten Wohnung, sollten Sie aber auch \u00fcber die M\u00f6glichkeit verf\u00fcgen, die Menge des einfallenden Sonnenlichts je nach Situation zu regulieren. Vielleicht besitzen Sie einen Hinterausgang, der auf die Terrasse f\u00fchrt, oder Sie besitzen einen gro\u00dfen Balkon. Meist bestehen die W\u00e4nde, die zu diesen Pl\u00e4tzen f\u00fchren nahezu g\u00e4nzlich aus Glas. Gerade, wenn eine Glasfront bestehend aus einer T\u00fcr und mehreren gro\u00dfen Fenstern zur S\u00fcdseite hin liegt, empfiehlt sich ein<a href=\"https:\/\/www.rolloshop24.eu\/index.php?seite=kat&amp;katid=59\"> Sichtschutz aus Lamellen<\/a>. Mit senkrechten <strong>Lamellen<\/strong> k\u00f6nnen Sie entweder die Fenster, die T\u00fcr oder eben alles zusammen verdunkeln. Sie k\u00f6nnen diesen Sonnenschutz aber auch so einstellen, dass der Raum ausreichend beleuchtet wird, sich aber nicht unn\u00f6tig aufheizt oder Sie von der Sonne geblendet werden.<\/p>\n<h3>Lamellen von rolloshop24.de<\/h3>\n<p style=\"text-align: justify;\">Wenn Sie nach einem System aus <em>Lamellen<\/em> suchen, welches genau auf Ihre Kombination aus Fenstern und Glast\u00fcr zugeschnitten ist, kann das Internet eine gro\u00dfe Hilfe bieten. Auf <a href=\"http:\/\/www.rolloshop24.eu\">rolloshop24.de<\/a> stellen wir Ihnen unsere verschiedenen Sonnenschutzanlagen vor. Dabei haben Sie die Wahl zwischen einfarbigen oder <a href=\"https:\/\/www.rolloshop24.eu\/index.php?seite=kat&amp;katid=59\">gemusterten Lamellen<\/a>. Nat\u00fcrlich k\u00f6nnen Sie auch eine Kombination aus verschiedenen Dekors oder Farben zusammenstellen. Selbst bei der L\u00e4nge und Farbe der Oberschiene lassen wir Ihnen alle Freiheiten. Haben Sie sich dann f\u00fcr eine Variante entschieden, die gut zu Ihrer <strong>sonstigen Einrichtung<\/strong> passt, senden wir Ihnen unsere Produkte \u00fcber den firmeneigenen Versanddienst schnellstm\u00f6glich zu. So erhalten Sie von uns hochwertige Ware, die in Deutschland hergestell wurde.<\/p>\n","protected":false},"excerpt":{"rendered":"<p>Lamellen als Sonnenschutz Moderne Architektur zeichnet sich vor allem durch gro\u00dfe Glasfl\u00e4chen aus. Das Ergebnis sind helle R\u00e4ume mit einer belebend freundlichen Atmosph\u00e4re. Sind Sie Besitzer oder Mieter einer solch lichtdurchfluteten Wohnung, sollten Sie aber auch \u00fcber die M\u00f6glichkeit verf\u00fcgen, &hellip; <a href=\"https:\/\/www.rolloshop24.eu\/ratgeber\/lamellen-info\/\">Weiterlesen <span class=\"meta-nav\">&rarr;<\/span><\/a><\/p>\n","protected":false},"author":2,"featured_media":0,"parent":0,"menu_order":0,"comment_status":"closed","ping_status":"closed","template":"","meta":{"om_disable_all_campaigns":false,"_monsterinsights_skip_tracking":false,"_monsterinsights_sitenote_active":false,"_monsterinsights_sitenote_note":"","_monsterinsights_sitenote_category":0,"footnotes":""},"aioseo_notices":[],"_links":{"self":[{"href":"https:\/\/www.rolloshop24.eu\/ratgeber\/wp-json\/wp\/v2\/pages\/25"}],"collection":[{"href":"https:\/\/www.rolloshop24.eu\/ratgeber\/wp-json\/wp\/v2\/pages"}],"about":[{"href":"https:\/\/www.rolloshop24.eu\/ratgeber\/wp-json\/wp\/v2\/types\/page"}],"author":[{"embeddable":true,"href":"https:\/\/www.rolloshop24.eu\/ratgeber\/wp-json\/wp\/v2\/users\/2"}],"replies":[{"embeddable":true,"href":"https:\/\/www.rolloshop24.eu\/ratgeber\/wp-json\/wp\/v2\/comments?post=25"}],"version-history":[{"count":5,"href":"https:\/\/www.rolloshop24.eu\/ratgeber\/wp-json\/wp\/v2\/pages\/25\/revisions"}],"predecessor-version":[{"id":1381,"href":"https:\/\/www.rolloshop24.eu\/ratgeber\/wp-json\/wp\/v2\/pages\/25\/revisions\/1381"}],"wp:attachment":[{"href":"https:\/\/www.rolloshop24.eu\/ratgeber\/wp-json\/wp\/v2\/media?parent=25"}],"curies":[{"name":"wp","href":"https:\/\/api.w.org\/{rel}","templated":true}]}}