{"id":27,"date":"2022-03-08T11:03:00","date_gmt":"2022-03-08T09:03:00","guid":{"rendered":"https:\/\/www.rolloshop24.eu\/ratgeber\/?page_id=27"},"modified":"2022-03-10T09:31:03","modified_gmt":"2022-03-10T07:31:03","slug":"lamelle-info","status":"publish","type":"page","link":"https:\/\/www.rolloshop24.eu\/ratgeber\/lamelle-info\/","title":{"rendered":"Lamelle Info"},"content":{"rendered":"\n<p><strong>Lamellenanlagen<\/strong><\/p>\n\n\n<h2>Die als Blickschutz<\/h2>\n<p style=\"text-align: justify;\">Sind Sie in einem B\u00fcro besch\u00e4ftigt, so freuen Sie sich sicher, wenn Ihnen Ihre Firma ein helles Zimmer mit gro\u00dfen Fenstern zum Arbeiten \u00fcberl\u00e4sst. Jedoch haben R\u00e4ume mit gro\u00dfen Glasfl\u00e4chen nicht nur Vorteile. Ein Manko ist, dass sich der Raum durch die Sonnenstrahlung schnell aufheizt. Au\u00dferdem sind Sie in solch einem Glashaus best\u00e4ndig den Blicken der Passanten ausgesetzt. Das kann auf die Dauer schon ziemlich nervig sein und Sie von Ihren t\u00e4glichen Aufgaben ablenken. Dabei haben Sie ja auch w\u00e4hrend Ihrer Arbeitszeit ein Anrecht auf eine gewisse Privatsph\u00e4re. Eine M\u00f6glichkeit sich gegen st\u00f6rende Beobachtung von au\u00dfen abzuschirmen, ist der <a href=\"https:\/\/www.rolloshop24.eu\/index.php?seite=kat&amp;katid=59\">Einsatz der Lamelle<\/a>. Vielleicht ist Ihnen das Prinzip bereits von den Jalousien bekannt, nur, dass dabei die einzelnen Segmente waagerecht angeordnet sind. Bei einer senkrechten <em>Lamellenanlage<\/em> ist die einzelne <em>Lamelle<\/em> breiter und kann noch flexibler bewegt werden.<\/p>\n<h3 style=\"text-align: justify;\">Die Lamelle im Onlineshop<\/h3>\n<p style=\"text-align: justify;\">Sie ben\u00f6tigen einen passenden Sichtschutz f\u00fcr Ihre Glasfront? Sie m\u00f6chten eine Anlage, die speziell auf Ihre Fensterformen zugeschnitten ist? Dann sollten Sie rolloshop24.de besuchen. Der Internetanbieter ist Profi in Sachen Blickschutz und kann Ihnen auch in Sachen <strong>Lamelle<\/strong> alles bieten, was irgend machbar ist. So k\u00f6nnen Sie \u00fcber die \u00fcbersichtliche Webseite eine individuelle Kombination aus Farben und Mustern zusammenstellen. Dabei werden unterschiedliche Materialien und Formen offeriert. Neben der klassischen Lamellenanlage k\u00f6nnen Sie hier auch eine Slopeanlage f\u00fcr Dachschr\u00e4gen erstehen oder aber ein Modell, mit dessen Hilfe T\u00fcr und Fenster in einem Zug abgedeckt werden k\u00f6nnen. Letztere Variante eignet sich unter anderem f\u00fcr Balkon- und Terrassenausg\u00e4nge in Privath\u00e4usern sowie auch in Gesch\u00e4ftsr\u00e4umen.<\/p>\n<h3 style=\"text-align: justify;\">Lamellenanlagen &#8211; Farben kombinieren<\/h3>\n<p>Gern k\u00f6nnen Sie Ihre neue Lamellenanlage auch bei der Zusammenstellung der Farben mischen, wie z.B. jede zweite <em>Lamelle<\/em> in einer anderen Farbe oder auch nur einen Akzent am Rand mit jeweils zwei andersfarbigen Lamellen. Gern beraten wir von <a href=\"http:\/\/www.rolloshop24.eu\/lamellen\">Rolloshop24<\/a> Sie auch pers\u00f6nlich am Telefon oder per E-Mail zu den M\u00f6glichkeiten f\u00fcr Ihre neue Lamellenanlage.<\/p>\n<h2>Lamellenanlage einfach montieren<\/h2>\n\n\n<p>Mit <em>Vertikallamellen<\/em> von ROLLOSHOP24<\/p>\n\n\n\n<p>Mit Lamellenanlagen haben Sie in nur\u00a05\u00a0Schritten einen perfekten Sonnen- und Blickschutz\u00a0montiert.Clips angeschraubt, Schiene darin eingeklickt, Lamellen eingehangen sowie Gewichte und Verbindungskette montiert. Der 5. und letzte Schritt ist die Funktionskontrolle. Fertig!Lamellenanlagen\u00a0sind\u00a0einfach\u00a0und schnell montiert und\u00a0perfekt\u00a0in\u00a0ihrer\u00a0Funktion\u00a0und Verwendung.<\/p>\n","protected":false},"excerpt":{"rendered":"<p>Lamellenanlagen Die als Blickschutz Sind Sie in einem B\u00fcro besch\u00e4ftigt, so freuen Sie sich sicher, wenn Ihnen Ihre Firma ein helles Zimmer mit gro\u00dfen Fenstern zum Arbeiten \u00fcberl\u00e4sst. Jedoch haben R\u00e4ume mit gro\u00dfen Glasfl\u00e4chen nicht nur Vorteile. Ein Manko ist, &hellip; <a href=\"https:\/\/www.rolloshop24.eu\/ratgeber\/lamelle-info\/\">Weiterlesen <span class=\"meta-nav\">&rarr;<\/span><\/a><\/p>\n","protected":false},"author":2,"featured_media":0,"parent":0,"menu_order":0,"comment_status":"closed","ping_status":"closed","template":"","meta":{"om_disable_all_campaigns":false,"_monsterinsights_skip_tracking":false,"_monsterinsights_sitenote_active":false,"_monsterinsights_sitenote_note":"","_monsterinsights_sitenote_category":0,"footnotes":""},"aioseo_notices":[],"_links":{"self":[{"href":"https:\/\/www.rolloshop24.eu\/ratgeber\/wp-json\/wp\/v2\/pages\/27"}],"collection":[{"href":"https:\/\/www.rolloshop24.eu\/ratgeber\/wp-json\/wp\/v2\/pages"}],"about":[{"href":"https:\/\/www.rolloshop24.eu\/ratgeber\/wp-json\/wp\/v2\/types\/page"}],"author":[{"embeddable":true,"href":"https:\/\/www.rolloshop24.eu\/ratgeber\/wp-json\/wp\/v2\/users\/2"}],"replies":[{"embeddable":true,"href":"https:\/\/www.rolloshop24.eu\/ratgeber\/wp-json\/wp\/v2\/comments?post=27"}],"version-history":[{"count":5,"href":"https:\/\/www.rolloshop24.eu\/ratgeber\/wp-json\/wp\/v2\/pages\/27\/revisions"}],"predecessor-version":[{"id":1423,"href":"https:\/\/www.rolloshop24.eu\/ratgeber\/wp-json\/wp\/v2\/pages\/27\/revisions\/1423"}],"wp:attachment":[{"href":"https:\/\/www.rolloshop24.eu\/ratgeber\/wp-json\/wp\/v2\/media?parent=27"}],"curies":[{"name":"wp","href":"https:\/\/api.w.org\/{rel}","templated":true}]}}