{"id":33,"date":"2022-03-07T10:33:00","date_gmt":"2022-03-07T08:33:00","guid":{"rendered":"https:\/\/www.rolloshop24.eu\/ratgeber\/?page_id=33"},"modified":"2022-03-10T09:33:02","modified_gmt":"2022-03-10T07:33:02","slug":"plissee-faltstore-info","status":"publish","type":"page","link":"https:\/\/www.rolloshop24.eu\/ratgeber\/plissee-faltstore-info\/","title":{"rendered":"Plissee Faltstore Info"},"content":{"rendered":"<h2>Plissee Faltstore als Sicht- und Sonnenschutz<\/h2>\n<p>Die herk\u00f6mmlichen Blick- und Sonnenschutzl\u00f6sungen f\u00fcr Innenr\u00e4ume haben Konkurrenz von einem weiteren modischen und preiswerten Innenschutz bekommen. Neben Gardinen, Vorh\u00e4ngen, Jalousien und Lamellen hat sich hier das <strong>Plissee Faltstore<\/strong> etabliert. Der modische Fensterbehang ist eine sch\u00f6ne M\u00f6glichkeit seine Wohnung vor neugierigen Blicken und starker Sonneneinstrahlung zu sch\u00fctzen. Durch das Faltstore-System sind <em>Plisseeanlagen<\/em> einfach zu handlen und sind so \u00fcberall in der Wohnung eine komfortable Erg\u00e4nzung zur Fensterausstattung. Aber vor allem f\u00fcr Dachfenster und Winterg\u00e4rten sind <a title=\"Plissee Faltstore\" href=\"https:\/\/www.rolloshop24.eu\/index.php?seite=kat&amp;katid=60\">Plissee Faltstore<\/a> vorz\u00fcglich geeignet.<\/p>\n<h3>Plissee Faltstore als Dekoelement<\/h3>\n<p>Nat\u00fcrlich sind die schlichten Fensterbeh\u00e4nge nach wie vor in schlichtem Wei\u00df zu bekommen. Doch gibt es inzwischen auch eine breite Palette an kreativen Farbkombinationen und Mustern. Wer seine R\u00e4ume zus\u00e4tzlich versch\u00f6nern will, kann sich bei den meisten Anbietern auch die Stoffe f\u00fcr sein <em>Plissee Faltstore<\/em> selbst aussuchen. Sind Farben und Formen auf das einfallende Licht entsprechend abgestimmt, l\u00e4sst sich so nicht nur ein praktischer Sichtschutz schaffen, sondern auch ein Raumelement, das wesentlich zum individuellen Ambiente des Zimmers beitr\u00e4gt.<\/p>\n<h2>Plissee Faltenstore im Internet<\/h2>\n<p>Wer sich nun Gedanken dar\u00fcber macht, wo er am schnellsten, ein g\u00fcnstiges <strong>Plissee Faltenstore<\/strong> herbekommt, der sollte sich einmal im World Wide Web umsehen. Bei dem Internetanbieter rolloshop24 zum Beispiel bekommt man ein breites Sortiment an Sichtschutzl\u00f6sungen geboten, darunter auch eine ganze Reihe ansprechender Plissees. Die hier offerierten Produkte werden ausschlie\u00dflich in Deutschland hergestellt und mit einem eigenen Lieferservice schnell und sicher angeliefert. Auch die Beratung kann ganz bequem von zu Hause aus \u00fcber Telefon erfolgen. F\u00fcr die Montage bietet der Shop ausf\u00fchrliche Videos, in denen genau gezeigt wird, wie einfach sich die Fensterbeh\u00e4nge anbringen lassen. Wer im Winter bestellt, kann au\u00dferdem noch den g\u00fcnstigen Winterrabatt nutzen.<\/p>\n<h3>Plissee Faltenstore Spezialanfertigungen<\/h3>\n<p>Das Tolle an <em>Plissee Faltenstore<\/em> ist, dass sie sich bei <strong>rolloshop24<\/strong> ganz individuell anfertigen lassen. Ma\u00dfgeschneiderte <strong>Plisseeanlagen<\/strong> gibt es sowohl f\u00fcr Senkrechtfester, als auch f\u00fcr schr\u00e4ge Dachfl\u00e4chenfenster. Plafondfenster und Wintergartenfl\u00e4chen lassen sich mit den zugeschnittenen Plissees wunderbar sch\u00fctzen. Bei Markenfenstern von Velux \u00a0brauchen lediglich die Fensterbezeichnungen angegeben zu werden und schon erh\u00e4lt man eine Spezialanfertigung nach eigenen W\u00fcnschen. Dabei spielt es keine Rolle ob es sich um Holz- oder Kunststoffrahmen handelt.<\/p>\n<p><a href=\"http:\/\/www.rolloshop24.eu\/plissee\">Hier geht es direkt zum Shop f\u00fcr PLISSEE<\/a><\/p>\n","protected":false},"excerpt":{"rendered":"<p>Plissee Faltstore als Sicht- und Sonnenschutz Die herk\u00f6mmlichen Blick- und Sonnenschutzl\u00f6sungen f\u00fcr Innenr\u00e4ume haben Konkurrenz von einem weiteren modischen und preiswerten Innenschutz bekommen. Neben Gardinen, Vorh\u00e4ngen, Jalousien und Lamellen hat sich hier das Plissee Faltstore etabliert. Der modische Fensterbehang ist &hellip; <a href=\"https:\/\/www.rolloshop24.eu\/ratgeber\/plissee-faltstore-info\/\">Weiterlesen <span class=\"meta-nav\">&rarr;<\/span><\/a><\/p>\n","protected":false},"author":2,"featured_media":0,"parent":0,"menu_order":0,"comment_status":"closed","ping_status":"closed","template":"","meta":{"om_disable_all_campaigns":false,"_monsterinsights_skip_tracking":false,"_monsterinsights_sitenote_active":false,"_monsterinsights_sitenote_note":"","_monsterinsights_sitenote_category":0,"footnotes":""},"aioseo_notices":[],"_links":{"self":[{"href":"https:\/\/www.rolloshop24.eu\/ratgeber\/wp-json\/wp\/v2\/pages\/33"}],"collection":[{"href":"https:\/\/www.rolloshop24.eu\/ratgeber\/wp-json\/wp\/v2\/pages"}],"about":[{"href":"https:\/\/www.rolloshop24.eu\/ratgeber\/wp-json\/wp\/v2\/types\/page"}],"author":[{"embeddable":true,"href":"https:\/\/www.rolloshop24.eu\/ratgeber\/wp-json\/wp\/v2\/users\/2"}],"replies":[{"embeddable":true,"href":"https:\/\/www.rolloshop24.eu\/ratgeber\/wp-json\/wp\/v2\/comments?post=33"}],"version-history":[{"count":5,"href":"https:\/\/www.rolloshop24.eu\/ratgeber\/wp-json\/wp\/v2\/pages\/33\/revisions"}],"predecessor-version":[{"id":1383,"href":"https:\/\/www.rolloshop24.eu\/ratgeber\/wp-json\/wp\/v2\/pages\/33\/revisions\/1383"}],"wp:attachment":[{"href":"https:\/\/www.rolloshop24.eu\/ratgeber\/wp-json\/wp\/v2\/media?parent=33"}],"curies":[{"name":"wp","href":"https:\/\/api.w.org\/{rel}","templated":true}]}}