{"id":35,"date":"2018-10-08T12:00:00","date_gmt":"2018-10-08T10:00:00","guid":{"rendered":"https:\/\/www.rolloshop24.eu\/ratgeber\/?page_id=35"},"modified":"2018-10-12T09:13:07","modified_gmt":"2018-10-12T07:13:07","slug":"plissee-jalousie-info-2","status":"publish","type":"page","link":"https:\/\/www.rolloshop24.eu\/ratgeber\/plissee-jalousie-info-2\/","title":{"rendered":"Plissee Jalousie Info"},"content":{"rendered":"<h2>Was ist eine Plissee Jalousie?<\/h2>\n<p>Im Bereich des Sicht- und Sonnenschutzes f\u00fcr Fenster und T\u00fcren gibt es viele verschiedene L\u00f6sungen. <a title=\"Plissee Jalousien\" href=\"https:\/\/www.rolloshop24.eu\/index.php?seite=kat&amp;katid=60\">Plissee Jalousien<\/a> sind eine davon. Dieser Fensterbehang besteht aus mehrfach senkrecht gefalztem Stoff, der von innen angebracht wird.<\/p>\n<p>Genau genommen handelt es sich dabei folglich nicht um eine <a title=\"Jalousien\" href=\"https:\/\/www.rolloshop24.eu\/index.php?seite=kat&amp;katid=55\">Jalousie<\/a>, sondern eher um einen Vorhang. Eine klassische Jalousie wird meist von au\u00dfen angebracht, ein Plissee aber von innen \u00fcber dem Fenster am Fenstersturz montiert.<\/p>\n<h3>Die flexible Plissee Jalousie<\/h3>\n<p>Das sch\u00f6ne an der <strong>Plissee Jalousie<\/strong> ist, dass sie sich ganz individuell einstellen l\u00e4sst. Per Hand kann sie dem jeweiligen Sonnenstand oder dem eigenen Sichtschutzbed\u00fcrfnis entsprechend hoch- oder runtergelassen werden.<\/p>\n<p>Dabei kann zwischen einer Vielzahl von passenden Bedienvarianten unterschieden werden. Der Schurzug mit integriertem Schnurschloss ist sehr bekannt, aber auch ein einfacher Bediengriff oder ein Kettenzuggetriebe sind m\u00f6gliche Systeme, die das Hochfalten des Stoffes \u00fcbernehmen k\u00f6nnen.<\/p>\n<p>Stoffe und Farbe k\u00f6nnen dabei ganz unterschiedlich ausfallen. Von schlichten, wei\u00dfen Vorh\u00e4ngen, bis hin zu mehrfarbigen Musterplissees ist alles m\u00f6glich. Dabei sollte lediglich ber\u00fccksichtigt werden, dass die Farbgebung mit der \u00fcbrigen Raumeinrichtung harmoniert.<\/p>\n<h2>Plissee Jalousien f\u00fcr jeden Bereich<\/h2>\n<p>Plissee Jalousien lassen sich vielf\u00e4ltig einsetzen und das sowohl, was den Verwendungszweck als auch was den Verwendungsort anbelangt. Wird dichter Stoff f\u00fcr einen Sichtschutz gegen die neugierigen Blicke von Passanten ben\u00f6tigt? Soll mit einem transparenten Stoff ein Dachfenster vor der brennend hei\u00dfen Sommersonne gesch\u00fctzt werden? Oder soll mit einem bunten Muster einfach nur das Raumklima dekorativ aufgewertet werden? Ein <em>Plissee<\/em> wird in allen F\u00e4llen den Anforderungen gerecht und bietet somit eine preiswerte Alternative zu anderen L\u00f6sungen.<\/p>\n<p>Dabei lassen sich alle m\u00f6glichen Arten von Glasfl\u00e4chen damit beschatten. Winterg\u00e4rten und Deckenfenster, aber auch ganz normale Senkrechtfenster lassen sich damit ausstatten. Auch Erker, Oberlichter und andere Sonderformen k\u00f6nnen mit diesen einer Plissee Jalousie best\u00fcckt werden.<\/p>\n<h3>Plissee Jalousien online<\/h3>\n<p>Vor allem, wenn man Sonderw\u00fcnsche hat, sollte man beim Kauf von <em>Plissee Jalousien<\/em> auf einen Spezialisten setzen. Doch wo findet sich so jemand auf die Schnelle? Mit dem Onlineangebot der <a title=\"Plissee Experte\" href=\"https:\/\/www.rolloshop24.eu\/plissee-rollo\/plissee-experte\/\">Experten vom www.rolloshop24.eu<\/a> lassen sich passende L\u00f6sungen ganz bequem von zu Hause aus finden und bestellen. Was die Montage betrifft, braucht man sich ebenfalls keine Sorgen zu machen, denn auf besagter Webseite finden sich umfangreiche Erkl\u00e4rungen und detaillierte Videobeschreibungen.<\/p>\n<hr \/>\n<p>Informationen zu <a href=\"https:\/\/www.rolloshop24.eu\/index.php?seite=kat&amp;katid=58\">Markisen<\/a> finden Sie in unserem Konfigurator<\/p>\n<p>oder im <a href=\"https:\/\/www.rolloshop24.eu\/markisen-shop\/\">Online Ratgeber f\u00fcr Markisen<\/a>.<\/p>\n","protected":false},"excerpt":{"rendered":"<p>Was ist eine Plissee Jalousie? Im Bereich des Sicht- und Sonnenschutzes f\u00fcr Fenster und T\u00fcren gibt es viele verschiedene L\u00f6sungen. Plissee Jalousien sind eine davon. Dieser Fensterbehang besteht aus mehrfach senkrecht gefalztem Stoff, der von innen angebracht wird. Genau genommen &hellip; <a href=\"https:\/\/www.rolloshop24.eu\/ratgeber\/plissee-jalousie-info-2\/\">Weiterlesen <span class=\"meta-nav\">&rarr;<\/span><\/a><\/p>\n","protected":false},"author":2,"featured_media":0,"parent":0,"menu_order":0,"comment_status":"closed","ping_status":"open","template":"","meta":{"om_disable_all_campaigns":false,"_monsterinsights_skip_tracking":false,"_monsterinsights_sitenote_active":false,"_monsterinsights_sitenote_note":"","_monsterinsights_sitenote_category":0,"footnotes":""},"aioseo_notices":[],"_links":{"self":[{"href":"https:\/\/www.rolloshop24.eu\/ratgeber\/wp-json\/wp\/v2\/pages\/35"}],"collection":[{"href":"https:\/\/www.rolloshop24.eu\/ratgeber\/wp-json\/wp\/v2\/pages"}],"about":[{"href":"https:\/\/www.rolloshop24.eu\/ratgeber\/wp-json\/wp\/v2\/types\/page"}],"author":[{"embeddable":true,"href":"https:\/\/www.rolloshop24.eu\/ratgeber\/wp-json\/wp\/v2\/users\/2"}],"replies":[{"embeddable":true,"href":"https:\/\/www.rolloshop24.eu\/ratgeber\/wp-json\/wp\/v2\/comments?post=35"}],"version-history":[{"count":1,"href":"https:\/\/www.rolloshop24.eu\/ratgeber\/wp-json\/wp\/v2\/pages\/35\/revisions"}],"predecessor-version":[{"id":238,"href":"https:\/\/www.rolloshop24.eu\/ratgeber\/wp-json\/wp\/v2\/pages\/35\/revisions\/238"}],"wp:attachment":[{"href":"https:\/\/www.rolloshop24.eu\/ratgeber\/wp-json\/wp\/v2\/media?parent=35"}],"curies":[{"name":"wp","href":"https:\/\/api.w.org\/{rel}","templated":true}]}}