{"id":50,"date":"2022-07-04T08:49:25","date_gmt":"2022-07-04T06:49:25","guid":{"rendered":"https:\/\/www.rolloshop24.eu\/ratgeber\/?page_id=50"},"modified":"2022-07-05T08:22:38","modified_gmt":"2022-07-05T06:22:38","slug":"aluminium-rolladen-info","status":"publish","type":"page","link":"https:\/\/www.rolloshop24.eu\/ratgeber\/aluminium-rolladen-info\/","title":{"rendered":"Aluminium Rolladen Info"},"content":{"rendered":"<h2>Aluminium Rollladen in erstklassischer Qualit\u00e4t<\/h2>\n<p>Der Rationell <em>Aluminium Rollladen<\/em> ist ein Produkt, was nicht nur edel aussieht, sondern auch noch hervorragend gegen Witterungseinfl\u00fcsse gesch\u00fctzt ist. Dieses Modell aus dem Onlineangebot von <a href=\"https:\/\/www.rolloshop24.eu\/\">www.rolloshop24.eu<\/a> ist in den Farben wei\u00df und braun lieferbar. Die rollgeformten K\u00e4sten bestehen vollst\u00e4ndig aus Aluminium. Der Kasten ist hinten geschlossen und vorne 45\u00b0 abgeschr\u00e4gt. Somit wirkt er sehr elegant. Die Endleiste ist ebenfalls aus Aluminium gefertigt und im gleichen Farbton wie der Kasten.<\/p>\n<p>Nach unten wird der <a href=\"https:\/\/www.rolloshop24.eu\/index.php?seite=kat&amp;katid=65\">Aluminium Rollladen mit einer Gummidichtung<\/a> abgeschlossen. Der Endanschlag ist verdeckt ausgef\u00fchrt. Der formsch\u00f6ne Panzer besteht aus rollgeformten ausgesch\u00e4umten Aluminiumprofilen. Eine nutzbare Breite bis 270 cm ist bestellbar. Der Panzer ist dabei in vier verschiedenen Farben wei\u00df, grau, beige und silber je nach individuellem Geschmack lieferbar. Bei der Bestellung ist noch zu w\u00e4hlen, ob ein Linksroller oder Rechtsroller gew\u00fcnscht wird. Die verschiedenen Bedienungsarten wie Gurt, Schnur oder Elektromotor k\u00f6nnen wahlweise links oder rechts vormontiert sein. Dazu sind entsprechende Steuerungen bei motorischem Antrieb erh\u00e4ltlich.<\/p>\n<h2>Aluminium Rollladen auch vollautomatisch steuerbar<\/h2>\n<p>Der <strong>Aluminium Rollladen<\/strong> in der Variante mit innenliegendem Elektromotor l\u00e4sst sich hervorragend f\u00fcr den vollautomatischen Betrieb ausstatten. Dazu sind die innovativen L\u00f6sungen von Somfy beispielsweise im Angebot. Diese intelligenten Motorsteuerungen besitzen eine Zugabschaltung sowie eine Hinderniserkennung und verhindern somit Sch\u00e4den an Material und auch bei Kindern. Zu diesem Rollladen sind noch Funkfernsteuerungen erh\u00e4ltlich, die sich \u00fcber eine Schaltzentrale per Fernbedienung steuern lassen. Ein umst\u00e4ndliches Verlegen der Steuerleitungen entf\u00e4llt dank der Funktechnologie. In der Schaltzentrale k\u00f6nnen Sensoren oder auch eine Zeitschaltuhr die automatische Steuerung \u00fcbernehmen.<\/p>\n<p style=\"text-align: center;\"><a href=\"http:\/\/www.jalousienmanufaktur.com\"><em>Sie suchen hochwertige <strong>Plissee<\/strong>? hier finden Sie n\u00fctzliche Informationen!<\/em><\/a><\/p>\n","protected":false},"excerpt":{"rendered":"<p>Aluminium Rollladen in erstklassischer Qualit\u00e4t Der Rationell Aluminium Rollladen ist ein Produkt, was nicht nur edel aussieht, sondern auch noch hervorragend gegen Witterungseinfl\u00fcsse gesch\u00fctzt ist. Dieses Modell aus dem Onlineangebot von www.rolloshop24.eu ist in den Farben wei\u00df und braun lieferbar. &hellip; <a href=\"https:\/\/www.rolloshop24.eu\/ratgeber\/aluminium-rolladen-info\/\">Weiterlesen <span class=\"meta-nav\">&rarr;<\/span><\/a><\/p>\n","protected":false},"author":2,"featured_media":0,"parent":0,"menu_order":0,"comment_status":"closed","ping_status":"closed","template":"","meta":{"om_disable_all_campaigns":false,"_monsterinsights_skip_tracking":false,"_monsterinsights_sitenote_active":false,"_monsterinsights_sitenote_note":"","_monsterinsights_sitenote_category":0,"footnotes":""},"aioseo_notices":[],"_links":{"self":[{"href":"https:\/\/www.rolloshop24.eu\/ratgeber\/wp-json\/wp\/v2\/pages\/50"}],"collection":[{"href":"https:\/\/www.rolloshop24.eu\/ratgeber\/wp-json\/wp\/v2\/pages"}],"about":[{"href":"https:\/\/www.rolloshop24.eu\/ratgeber\/wp-json\/wp\/v2\/types\/page"}],"author":[{"embeddable":true,"href":"https:\/\/www.rolloshop24.eu\/ratgeber\/wp-json\/wp\/v2\/users\/2"}],"replies":[{"embeddable":true,"href":"https:\/\/www.rolloshop24.eu\/ratgeber\/wp-json\/wp\/v2\/comments?post=50"}],"version-history":[{"count":4,"href":"https:\/\/www.rolloshop24.eu\/ratgeber\/wp-json\/wp\/v2\/pages\/50\/revisions"}],"predecessor-version":[{"id":1449,"href":"https:\/\/www.rolloshop24.eu\/ratgeber\/wp-json\/wp\/v2\/pages\/50\/revisions\/1449"}],"wp:attachment":[{"href":"https:\/\/www.rolloshop24.eu\/ratgeber\/wp-json\/wp\/v2\/media?parent=50"}],"curies":[{"name":"wp","href":"https:\/\/api.w.org\/{rel}","templated":true}]}}