{"id":51,"date":"2018-10-05T12:00:00","date_gmt":"2018-10-05T10:00:00","guid":{"rendered":"https:\/\/www.rolloshop24.eu\/ratgeber\/?page_id=51"},"modified":"2018-10-12T09:12:48","modified_gmt":"2018-10-12T07:12:48","slug":"fenster-rolladen-info","status":"publish","type":"page","link":"https:\/\/www.rolloshop24.eu\/ratgeber\/fenster-rolladen-info\/","title":{"rendered":"Fenster Rolladen Info"},"content":{"rendered":"<h2>Fenster Rollladen \u2013 sch\u00f6n und sicher zugleich<\/h2>\n<p>Bei der Planung des Sonnenschutzes f\u00fcr das eigene Haus oder die Wohnung ist es am effektivsten, den Sonnenschutz au\u00dfen anzubringen. Somit kann die W\u00e4rme und starke Sonnenstrahlung gar nicht erst in das Haus eindringen. In Kombination mit innen liegenden Sonnenschutz ergibt sich somit ein optimales Klima im Haus oder der Wohnung. Dies hilft, den Feierabend entspannt zu genie\u00dfen und auch in der anderen Freizeit optimale Eigenschaften bez\u00fcglich Klima und Lichteinfall zu garantieren. Beim Fachh\u00e4ndler www.rolloshop24.eu sind eine gro\u00dfe Anzahl von hochwertigen Produkten f\u00fcr den innen liegenden und au\u00dfen liegenden Sonnenschutz verf\u00fcgbar.<\/p>\n<p>Ein <strong>Fenster Rollladen<\/strong> ist dabei in verschiedensten Materialien und Ausf\u00fchrungen online bestellbar. Die perfekte Ausf\u00fchrung vermindert W\u00e4rmebr\u00fccken am Haus und tr\u00e4gt auch noch zum L\u00e4rmschutz und Einbruchschutz bei. Die spezielle Konstruktion wie ein Aufhebelschutz bei bestimmten Rollladentypen erm\u00f6glicht diese Eigenschaften.<\/p>\n<h2>Fenster Rollladen in vielerlei Farben und Bedienvarianten<\/h2>\n<p>Bei der Auswahl vom passenden <em>Fenster Rollladen<\/em> gibt es vielf\u00e4ltige M\u00f6glichkeiten. Neben unterschiedlichen Materialien f\u00fcr Kasten und Panzer gibt es auch eine ganze Reihe von unterschiedlichen Bedienm\u00f6glichkeiten. Zus\u00e4tzlich ist eine gro\u00dfe Farbpalette verf\u00fcgbar, um den Fenster Rollladen an die baulichen Gegebenheiten anzupassen.<\/p>\n<p>Montiert und gewartet werden die Anlagen meist von au\u00dfen, was besonders komfortabel ist. L\u00f6sungen mit \u00dcbermittlung der Steuersignale durch Funk ben\u00f6tigen auch keine m\u00fchevoll und teuer zu verlegenden Steuerleitungen. Es reicht die Steckdose oder der Anschluss in der N\u00e4he des Rollladens. Wenn diese Varianten ausscheiden, dann kommen statt der motorischen Bedienung eine Schnurbedienung oder Gurtbedienung zum Einsatz, die links oder rechts angebracht sein kann.<\/p>\n","protected":false},"excerpt":{"rendered":"<p>Fenster Rollladen \u2013 sch\u00f6n und sicher zugleich Bei der Planung des Sonnenschutzes f\u00fcr das eigene Haus oder die Wohnung ist es am effektivsten, den Sonnenschutz au\u00dfen anzubringen. Somit kann die W\u00e4rme und starke Sonnenstrahlung gar nicht erst in das Haus &hellip; <a href=\"https:\/\/www.rolloshop24.eu\/ratgeber\/fenster-rolladen-info\/\">Weiterlesen <span class=\"meta-nav\">&rarr;<\/span><\/a><\/p>\n","protected":false},"author":2,"featured_media":0,"parent":0,"menu_order":0,"comment_status":"closed","ping_status":"open","template":"","meta":{"om_disable_all_campaigns":false,"_monsterinsights_skip_tracking":false,"_monsterinsights_sitenote_active":false,"_monsterinsights_sitenote_note":"","_monsterinsights_sitenote_category":0,"footnotes":""},"aioseo_notices":[],"_links":{"self":[{"href":"https:\/\/www.rolloshop24.eu\/ratgeber\/wp-json\/wp\/v2\/pages\/51"}],"collection":[{"href":"https:\/\/www.rolloshop24.eu\/ratgeber\/wp-json\/wp\/v2\/pages"}],"about":[{"href":"https:\/\/www.rolloshop24.eu\/ratgeber\/wp-json\/wp\/v2\/types\/page"}],"author":[{"embeddable":true,"href":"https:\/\/www.rolloshop24.eu\/ratgeber\/wp-json\/wp\/v2\/users\/2"}],"replies":[{"embeddable":true,"href":"https:\/\/www.rolloshop24.eu\/ratgeber\/wp-json\/wp\/v2\/comments?post=51"}],"version-history":[{"count":2,"href":"https:\/\/www.rolloshop24.eu\/ratgeber\/wp-json\/wp\/v2\/pages\/51\/revisions"}],"predecessor-version":[{"id":1358,"href":"https:\/\/www.rolloshop24.eu\/ratgeber\/wp-json\/wp\/v2\/pages\/51\/revisions\/1358"}],"wp:attachment":[{"href":"https:\/\/www.rolloshop24.eu\/ratgeber\/wp-json\/wp\/v2\/media?parent=51"}],"curies":[{"name":"wp","href":"https:\/\/api.w.org\/{rel}","templated":true}]}}