{"id":54,"date":"2022-07-07T10:07:00","date_gmt":"2022-07-07T08:07:00","guid":{"rendered":"https:\/\/www.rolloshop24.eu\/ratgeber\/?page_id=54"},"modified":"2022-07-08T09:05:03","modified_gmt":"2022-07-08T07:05:03","slug":"fenster-rollos-info","status":"publish","type":"page","link":"https:\/\/www.rolloshop24.eu\/ratgeber\/fenster-rollos-info\/","title":{"rendered":"Fenster Rollos Info"},"content":{"rendered":"<h2>Fenster Rollos in Ma\u00dfanfertigung<\/h2>\n<p>Qualitativ hochwertige <em>Fenster Rollos<\/em> in Ma\u00dfanfertigung sind online bei <a href=\"https:\/\/www.rolloshop24.eu\/\">www.rolloshop24.eu<\/a> erh\u00e4ltlich. Diese Firma ist ein Fachh\u00e4ndler f\u00fcr innen und au\u00dfen liegenden Sonnenschutz. Die gro\u00dfe Auswahl an Produkten macht es einfach, die passende L\u00f6sung entsprechend den eigenen Bed\u00fcrfnissen zu bestellen. Dabei sind gerade <strong>Fenster Rollos<\/strong> bestens geeignet, f\u00fcr jeden Fenstertyp einen wirkungsvollen Sonnenschutz zu erm\u00f6glichen. Auch Fenster bis zu den Ma\u00dfen 400 cm x 400 cm lassen sich mit sogenannten Rollos XL best\u00fccken. F\u00fcr diesen Typ ist auch eine Kassette lieferbar.<\/p>\n<p>Ein <a href=\"https:\/\/www.rolloshop24.eu\/index.php?seite=bp&amp;pid=64\">weiteres Einsatzgebiet sind die Dachfl\u00e4chenfenster<\/a>. F\u00fcr Fenster der Hersteller Velux oder Roto gen\u00fcgt bei der Bestellung nur die Angabe des Fenstertyps. Ein Aufma\u00df ist nicht erforderlich. Es ist nur noch der Behang und die Bedienungsart festzulegen und der Bestellvorgang ist komplett. Eine besonders interessante Art der Fenster Rollos sind die Doppelrollos. Diese erm\u00f6glichen ein einzigartiges faszinierendes Spiel von Licht und Schatten. Die eingesetzten Behangmaterialien sind abwechselnd blickdicht und transparent gewebt. Dies verleiht diesem Rollo eine einzigartige Exklusivit\u00e4t, die interessante Akzente setzt. Das Rollo wird dabei \u00fcber ein zweiteiliges Unterprofil mit Beschwerung und Rolle umgelenkt. Somit rollt dieses Rollo doppellagig vor der Fensterfront auf und ab. Auch hier gibt es die Ausf\u00fchrung mit Tr\u00e4gerprofil oder mit Kassette.<\/p>\n<h2>Fenster Rollos wirken wohnlich<\/h2>\n<p>Durch die gro\u00dfe Vielfalt der einsetzbaren Stoffe ist eine harmonische Eingliederung in den Raum hervorragend realisierbar. Fenster Rollos sind mit verschiedener Lichtdurchl\u00e4ssigkeit lieferbar. Transparente, halbtransparente oder auch verdunkelnde Behangmaterialien sind w\u00e4hlbar. Spezielle Beschichtungen erm\u00f6glichen die Nutzung f\u00fcr Computerarbeitspl\u00e4tze. Gerade in den privaten R\u00e4umen m\u00f6chte man sich sicher und gut aufgehoben f\u00fchlen. Dieses Gef\u00fchl kann man durch ein Rollo oder einen Fensterbehang sehr schnell erreichen. Ein modischer und trotzdem dezenter Fensterbehang sind <a title=\"Plissees bei rolloshop24.eu\" href=\"\/Plissee\">Plissees<\/a>. Dieser sehr platzsparende und einfach fantastische Behang ist f\u00fcr jede Fenstergr\u00f6\u00dfe geeignet. Durch seine einmalige platzsparende Funktion, kann dieser beliebig schnell bedient werden. Plissees wurden in ihrer Anfangszeit gerne nur z. B. f\u00fcr Arztpraxen genutzt. Diese Zeiten sind l\u00e4ngst \u00fcberholt. Was anfangs in schlicht wei\u00df begann, wird jetzt in den unterschiedlichsten Farben,\u00a0 Stoffen und Mustern ganz individuell angefertigt. Gern wird man hierzu auch pers\u00f6nlich von kompetenten Mittarbeitern am Telefon oder online beraten. Auch f\u00fcr Firmen oder Unternehmen bietet sich ein Sonnenschutz gerade zu an. Besonders wenn man durch eine sehr gro\u00dfe Fensterfront immer sichtbar ist, sollte die M\u00f6glichkeit bestehen, dieses auch nach Belieben zu \u00e4ndern. Hier bieten sich die unterschiedlichsten Varianten an. Man kann zwischen Lamellen, Jalousien, Plissee und nat\u00fcrlich einem Rollo w\u00e4hlen. Hier kann man ebenfalls die Gelegenheit nutzen, sich f\u00fcr eine entsprechende Ma\u00dfanfertigung zu erkundigen\u00a0Design- und Farbvielfalt ist gegeben im <em>Rolloshop24<\/em>.<\/p>\n<h3>Klemmfix Rollo online kaufen<\/h3>\n<p>Die Klemmfixhalterungen sind im Handel in unterschiedlichen Ausf\u00fchrungen erh\u00e4ltlich. Sie k\u00f6nnen zwischen Universalhalterungen w\u00e4hlen und Halterungen speziell f\u00fcr Rollos, Jalousien oder Plissees. <a href=\"http:\/\/rolloshop24.eu\">Hier<\/a> finden Sie eine Auswahl.<\/p>\n","protected":false},"excerpt":{"rendered":"<p>Fenster Rollos in Ma\u00dfanfertigung Qualitativ hochwertige Fenster Rollos in Ma\u00dfanfertigung sind online bei www.rolloshop24.eu erh\u00e4ltlich. Diese Firma ist ein Fachh\u00e4ndler f\u00fcr innen und au\u00dfen liegenden Sonnenschutz. Die gro\u00dfe Auswahl an Produkten macht es einfach, die passende L\u00f6sung entsprechend den eigenen &hellip; <a href=\"https:\/\/www.rolloshop24.eu\/ratgeber\/fenster-rollos-info\/\">Weiterlesen <span class=\"meta-nav\">&rarr;<\/span><\/a><\/p>\n","protected":false},"author":2,"featured_media":0,"parent":0,"menu_order":0,"comment_status":"closed","ping_status":"closed","template":"","meta":{"om_disable_all_campaigns":false,"_monsterinsights_skip_tracking":false,"_monsterinsights_sitenote_active":false,"_monsterinsights_sitenote_note":"","_monsterinsights_sitenote_category":0,"footnotes":""},"aioseo_notices":[],"_links":{"self":[{"href":"https:\/\/www.rolloshop24.eu\/ratgeber\/wp-json\/wp\/v2\/pages\/54"}],"collection":[{"href":"https:\/\/www.rolloshop24.eu\/ratgeber\/wp-json\/wp\/v2\/pages"}],"about":[{"href":"https:\/\/www.rolloshop24.eu\/ratgeber\/wp-json\/wp\/v2\/types\/page"}],"author":[{"embeddable":true,"href":"https:\/\/www.rolloshop24.eu\/ratgeber\/wp-json\/wp\/v2\/users\/2"}],"replies":[{"embeddable":true,"href":"https:\/\/www.rolloshop24.eu\/ratgeber\/wp-json\/wp\/v2\/comments?post=54"}],"version-history":[{"count":4,"href":"https:\/\/www.rolloshop24.eu\/ratgeber\/wp-json\/wp\/v2\/pages\/54\/revisions"}],"predecessor-version":[{"id":1456,"href":"https:\/\/www.rolloshop24.eu\/ratgeber\/wp-json\/wp\/v2\/pages\/54\/revisions\/1456"}],"wp:attachment":[{"href":"https:\/\/www.rolloshop24.eu\/ratgeber\/wp-json\/wp\/v2\/media?parent=54"}],"curies":[{"name":"wp","href":"https:\/\/api.w.org\/{rel}","templated":true}]}}