{"id":7,"date":"2022-03-10T08:14:00","date_gmt":"2022-03-10T06:14:00","guid":{"rendered":"https:\/\/www.rolloshop24.eu\/ratgeber\/?page_id=7"},"modified":"2022-03-10T09:32:15","modified_gmt":"2022-03-10T07:32:15","slug":"markisenstoffe-info","status":"publish","type":"page","link":"https:\/\/www.rolloshop24.eu\/ratgeber\/markisenstoffe-info\/","title":{"rendered":"Markisenstoffe Info"},"content":{"rendered":"<h2>Markisenstoffe zum Nachr\u00fcsten<\/h2>\n<p>Langj\u00e4hrige Markisenbesitzer kommen fr\u00fcher oder sp\u00e4ter in die Lage, ihre alten Markisent\u00fccher durch neue ersetzen zu m\u00fcssen. Leider setzen die meisten Markisendiscounter bei den Markisenstoffen vor allem auf billige No-Name-Produkte. So kommt es, dass die T\u00fccher wasserdurchl\u00e4ssig werden, ihre Farbe verlieren oder sogar einrei\u00dfen. Wer diese Erfahrung bereits machen musste, sollte beim Nachkauf unbedingt auf best\u00e4ndigere Markenware setzen.<\/p>\n<h3>Der richtige Markisenstoff<\/h3>\n<p>Was macht eigentlich ein gutes Markisentuch aus? Ein wichtiger Punkt, bei der <em>Markisenstoff<\/em> \u2013 Auswahl, ist seine Strapazierf\u00e4higkeit. Das Material sollte sowohl hitzebest\u00e4ndig als auch Wasser abweisend sein. Dabei sollte es \u00fcber gute Wickeleigenschaften verf\u00fcgen, die auch durch die Witterungsverh\u00e4ltnisse nicht beeintr\u00e4chtigt werden. Ein <a href=\"https:\/\/www.rolloshop24.eu\/index.php?seite=kat&amp;katid=58\">Markisenstoff<\/a>, der bei Temperaturschwankungen seine Spannkraft verliert, wird bei einem Schauer das Wasser sammeln und kann so die ganze Vorrichtung zerst\u00f6ren. Ein Textil hingegen, das beim Trocknen einl\u00e4uft, kann schnell einrei\u00dfen.<\/p>\n<p>Ein weiteres wichtiges Kriterium ist die UV-Best\u00e4ndigkeit der Markisenfarbe. Die <strong>Markise<\/strong> hat neben ihrer Funktion als Sonnendach, auch auf die Ansehnlichkeit des eigenen Grundst\u00fccks Auswirkung. <strong>Markisenstoffe<\/strong> mit ausbleichenden Farben haben dort nichts verloren.<\/p>\n<h2>Schutzh\u00fcllen f\u00fcr Markisenstoff<\/h2>\n<p>Es ist nie verkehrt, neben dem verwendeten Markisentuch, noch ein Reservetuch bereitliegen zu haben. T\u00fccher, die nicht verwendet werden, sollten in einer speziellen Polyesterschutzh\u00fclle aufbewahrt werden. Auch im Winter k\u00f6nnen die wertvollen Textilien so sicher verwahrt werden.<\/p>\n<p><a href=\"https:\/\/www.rolloshop24.eu\/markisen\/markisent\u00fccher\">Hier k\u00f6nnen Sie Ihre neue Schutzh\u00fclle direkt bestellen<\/a><\/p>\n<h3>Markisenstoffe von rolloshop24<\/h3>\n<p>Die Internetseite <strong>rolloshop24<\/strong> steht f\u00fcr <strong>Markenmarkisen<\/strong> mit Tiefstpreisgarantie. So sind die hier zu erhaltenden Markisenstoffe sowohl preiswert als auch von hervorragender Qualit\u00e4t. Eine Teflonbeschichtung sorgt daf\u00fcr, das Schmutz und Wasser dem Material nichts anhaben k\u00f6nnen und die ultraschallverschwei\u00dften N\u00e4hte machen die T\u00fccher absolut wasserdicht.<\/p>\n","protected":false},"excerpt":{"rendered":"<p>Markisenstoffe zum Nachr\u00fcsten Langj\u00e4hrige Markisenbesitzer kommen fr\u00fcher oder sp\u00e4ter in die Lage, ihre alten Markisent\u00fccher durch neue ersetzen zu m\u00fcssen. Leider setzen die meisten Markisendiscounter bei den Markisenstoffen vor allem auf billige No-Name-Produkte. So kommt es, dass die T\u00fccher wasserdurchl\u00e4ssig &hellip; <a href=\"https:\/\/www.rolloshop24.eu\/ratgeber\/markisenstoffe-info\/\">Weiterlesen <span class=\"meta-nav\">&rarr;<\/span><\/a><\/p>\n","protected":false},"author":2,"featured_media":0,"parent":0,"menu_order":0,"comment_status":"closed","ping_status":"closed","template":"","meta":{"om_disable_all_campaigns":false,"_monsterinsights_skip_tracking":false,"_monsterinsights_sitenote_active":false,"_monsterinsights_sitenote_note":"","_monsterinsights_sitenote_category":0,"footnotes":""},"aioseo_notices":[],"_links":{"self":[{"href":"https:\/\/www.rolloshop24.eu\/ratgeber\/wp-json\/wp\/v2\/pages\/7"}],"collection":[{"href":"https:\/\/www.rolloshop24.eu\/ratgeber\/wp-json\/wp\/v2\/pages"}],"about":[{"href":"https:\/\/www.rolloshop24.eu\/ratgeber\/wp-json\/wp\/v2\/types\/page"}],"author":[{"embeddable":true,"href":"https:\/\/www.rolloshop24.eu\/ratgeber\/wp-json\/wp\/v2\/users\/2"}],"replies":[{"embeddable":true,"href":"https:\/\/www.rolloshop24.eu\/ratgeber\/wp-json\/wp\/v2\/comments?post=7"}],"version-history":[{"count":5,"href":"https:\/\/www.rolloshop24.eu\/ratgeber\/wp-json\/wp\/v2\/pages\/7\/revisions"}],"predecessor-version":[{"id":1385,"href":"https:\/\/www.rolloshop24.eu\/ratgeber\/wp-json\/wp\/v2\/pages\/7\/revisions\/1385"}],"wp:attachment":[{"href":"https:\/\/www.rolloshop24.eu\/ratgeber\/wp-json\/wp\/v2\/media?parent=7"}],"curies":[{"name":"wp","href":"https:\/\/api.w.org\/{rel}","templated":true}]}}