{"id":8,"date":"2022-03-21T09:31:00","date_gmt":"2022-03-21T07:31:00","guid":{"rendered":"https:\/\/www.rolloshop24.eu\/ratgeber\/?page_id=8"},"modified":"2022-03-21T10:31:58","modified_gmt":"2022-03-21T08:31:58","slug":"gelenkarmmarkisen-info","status":"publish","type":"page","link":"https:\/\/www.rolloshop24.eu\/ratgeber\/gelenkarmmarkisen-info\/","title":{"rendered":"Gelenkarmmarkisen Info"},"content":{"rendered":"<h2>Gelenkarmmarkisen als Schattenspender und Regenschutz<\/h2>\n<p>Ob bei einer Poolparty, einem Barbecue oder einem privaten gem\u00fctlichen Abend bei einem Glas Rotwein \u2013 ein Sonnendach, das auch in der Lage ist einen \u00fcberraschenden Regenschauer abzuschirmen, sollte zum Sommerequipment f\u00fcr jedes Grundst\u00fcck geh\u00f6ren. Eine Option w\u00e4ren da die <a href=\"https:\/\/www.rolloshop24.eu\/index.php?seite=bp&amp;pid=34\">\u00e4u\u00dferst flexiblen Gelenkarmmarkisen<\/a>.<\/p>\n<h3>Die leichte Gelenkarmmarkise<\/h3>\n<p>Gelenkarmmarkise ist nicht gleich Gelenkarmmarkise. Modelle, die vor allem auf Leichtigkeit ausgelegt sind, werden ohne ein stabilisierendes Konsolrohr geliefert und sind mit Edelstahlseilgelenkarmen ausgestattet. Daf\u00fcr k\u00f6nnen sie ganz leicht an- und abmontiert werden. Das ist sehr praktisch, denn diese Ausf\u00fchrungen verf\u00fcgen im Gegensatz zu den Kassettenmarkisen \u00fcber keinen Rundumschutz f\u00fcr das Markisentuch. Zwar kann optional ein kleines Schutzdach mitbestellt werden und Sommerschauern sollte das Material sowieso ohne Probleme standhalten, aber zum Winter hin w\u00e4re es doch besser, die Markise einzumotten.<\/p>\n<h2>Die vielseitige Gelenkarmmarkise<\/h2>\n<p>Andere Gelenkarmmarkisenmodelle verf\u00fcgen \u00fcber ein pulverbeschichtetes Montagerohr und sind so in ihrer Tragf\u00e4higkeit auch f\u00fcr Sonderl\u00e4ngen geeignet. Daf\u00fcr liegen sie komplett frei und sind der Witterung voll ausgesetzt. Wer sich f\u00fcr solch eine Markisenvariante entscheidet, sollte deshalb \u00fcberlegen, ob er nicht eine entsprechende Polyesterschutzh\u00fclle f\u00fcr seine Markise mitbestellt, die den Stoff dann w\u00e4hrend der Winterzeit sch\u00fctzt.<\/p>\n<h3>Gelenkarmmarkisen bei rolloshop24<\/h3>\n<p>Wer sich nun sicher ist, dass seine Traummarkise unter den Gelenkarmmarkisen zu finden ist, der sollte sich unbedingt beim rolloshop24 umsehen. Hier finden sich kosteng\u00fcnstige L\u00f6sungen f\u00fcr alle Bereiche. F\u00fcr Bestellungen au\u00dferhalb der Saison werden zudem Sonderrabatte gew\u00e4hrt. Des weiteren verf\u00fcgt der Shop \u00fcber gute Fachberatung und einen eigenen Lieferservice, der die Markisen sicher und zeitnah an ihren zuk\u00fcnftigen Besitzer \u00fcberbringt.<\/p>\n<p><a title=\"Markise\" href=\"\/markisen\">Markisen<\/a> bieten Sonnenschutz f\u00fcr au\u00dfen &#8211; vor allem f\u00fcr Balkone und Terrassen\u00a0&#8211; indirekt aber auch f\u00fcr die angrenzenden R\u00e4ume. So machen sie das Verweilen unter &#8222;freiem Himmel&#8220; auch an den hei\u00dfesten Tagen ertr\u00e4glich. Bei der Suche nach der passenden Markise ist vor allem die Wahl des richtigen <a title=\"Markisenstoff\" href=\"\/markisen\/markisent\u00fccher\">Markisenstoffes<\/a> und der Ausf\u00fchrung (die Markisent\u00fccher k\u00f6nnen aufrollbar, zusammenfaltbar oder einfach fix h\u00e4ngend sein) zu treffen. Farben und Muster sind bekanntlich Geschmacksache, doch schmutzabweisend und wasserresistent soll der Markisenstoff sein. Zur Wahl stehen des Weiteren viele Markisenmodelle. So kann eine Fallarmmarkise, eine Gelenkarmmarkise, eine H\u00fclsenmarkise oder eine Kassettenmarkise das am besten geeignete Modell sein. Nicht unwichtig ist die Bedienung: Die Markisen k\u00f6nnen m\u00fchsam per Kurbel oder komfortabel per Knopf bedient werden. Bei sehr gro\u00dfen Markisen ist Bedienung per elektrischen Motor sicher die einzig m\u00f6gliche Variante.<\/p>\n","protected":false},"excerpt":{"rendered":"<p>Gelenkarmmarkisen als Schattenspender und Regenschutz Ob bei einer Poolparty, einem Barbecue oder einem privaten gem\u00fctlichen Abend bei einem Glas Rotwein \u2013 ein Sonnendach, das auch in der Lage ist einen \u00fcberraschenden Regenschauer abzuschirmen, sollte zum Sommerequipment f\u00fcr jedes Grundst\u00fcck geh\u00f6ren. &hellip; <a href=\"https:\/\/www.rolloshop24.eu\/ratgeber\/gelenkarmmarkisen-info\/\">Weiterlesen <span class=\"meta-nav\">&rarr;<\/span><\/a><\/p>\n","protected":false},"author":2,"featured_media":0,"parent":0,"menu_order":0,"comment_status":"closed","ping_status":"closed","template":"","meta":{"om_disable_all_campaigns":false,"_monsterinsights_skip_tracking":false,"_monsterinsights_sitenote_active":false,"_monsterinsights_sitenote_note":"","_monsterinsights_sitenote_category":0,"footnotes":""},"aioseo_notices":[],"_links":{"self":[{"href":"https:\/\/www.rolloshop24.eu\/ratgeber\/wp-json\/wp\/v2\/pages\/8"}],"collection":[{"href":"https:\/\/www.rolloshop24.eu\/ratgeber\/wp-json\/wp\/v2\/pages"}],"about":[{"href":"https:\/\/www.rolloshop24.eu\/ratgeber\/wp-json\/wp\/v2\/types\/page"}],"author":[{"embeddable":true,"href":"https:\/\/www.rolloshop24.eu\/ratgeber\/wp-json\/wp\/v2\/users\/2"}],"replies":[{"embeddable":true,"href":"https:\/\/www.rolloshop24.eu\/ratgeber\/wp-json\/wp\/v2\/comments?post=8"}],"version-history":[{"count":3,"href":"https:\/\/www.rolloshop24.eu\/ratgeber\/wp-json\/wp\/v2\/pages\/8\/revisions"}],"predecessor-version":[{"id":1428,"href":"https:\/\/www.rolloshop24.eu\/ratgeber\/wp-json\/wp\/v2\/pages\/8\/revisions\/1428"}],"wp:attachment":[{"href":"https:\/\/www.rolloshop24.eu\/ratgeber\/wp-json\/wp\/v2\/media?parent=8"}],"curies":[{"name":"wp","href":"https:\/\/api.w.org\/{rel}","templated":true}]}}